{"id":2018,"date":"2021-05-07T10:48:08","date_gmt":"2021-05-07T07:48:08","guid":{"rendered":"http:\/\/www.kutupsogutma.net\/?post_type=product&#038;p=2018"},"modified":"2021-05-07T10:48:53","modified_gmt":"2021-05-07T07:48:53","slug":"supurge-bez-torba-rowenta-silence-kelebek-spg7029","status":"publish","type":"product","link":"http:\/\/www.kutupsogutma.net\/?product=supurge-bez-torba-rowenta-silence-kelebek-spg7029","title":{"rendered":"S\u00dcP\u00dcRGE BEZ TORBA ROWENTA S\u0130LENCE KELEBEK SPG7029"},"content":{"rendered":"<p>S\u00dcP\u00dcRGE BEZ TORBA ROWENTA S\u0130LENCE KELEBEK SPG7029<\/p>\n","protected":false},"excerpt":{"rendered":"<p>S\u00dcP\u00dcRGE BEZ TORBA ROWENTA S\u0130LENCE KELEBEK SPG7029<\/p>\n","protected":false},"featured_media":2019,"comment_status":"open","ping_status":"closed","template":"","meta":[],"product_cat":[139,25],"product_tag":[2185,2184,2186],"_links":{"self":[{"href":"http:\/\/www.kutupsogutma.net\/index.php?rest_route=\/wp\/v2\/product\/2018"}],"collection":[{"href":"http:\/\/www.kutupsogutma.net\/index.php?rest_route=\/wp\/v2\/product"}],"about":[{"href":"http:\/\/www.kutupsogutma.net\/index.php?rest_route=\/wp\/v2\/types\/product"}],"replies":[{"embeddable":true,"href":"http:\/\/www.kutupsogutma.net\/index.php?rest_route=%2Fwp%2Fv2%2Fcomments&post=2018"}],"wp:featuredmedia":[{"embeddable":true,"href":"http:\/\/www.kutupsogutma.net\/index.php?rest_route=\/wp\/v2\/media\/2019"}],"wp:attachment":[{"href":"http:\/\/www.kutupsogutma.net\/index.php?rest_route=%2Fwp%2Fv2%2Fmedia&parent=2018"}],"wp:term":[{"taxonomy":"product_cat","embeddable":true,"href":"http:\/\/www.kutupsogutma.net\/index.php?rest_route=%2Fwp%2Fv2%2Fproduct_cat&post=2018"},{"taxonomy":"product_tag","embeddable":true,"href":"http:\/\/www.kutupsogutma.net\/index.php?rest_route=%2Fwp%2Fv2%2Fproduct_tag&post=2018"}],"curies":[{"name":"wp","href":"https:\/\/api.w.org\/{rel}","templated":true}]}}