{"id":2014,"date":"2021-05-07T10:44:37","date_gmt":"2021-05-07T07:44:37","guid":{"rendered":"http:\/\/www.kutupsogutma.net\/?post_type=product&#038;p=2014"},"modified":"2021-05-07T10:46:47","modified_gmt":"2021-05-07T07:46:47","slug":"supurge-bez-torba-emotion-sinbo-fantom-fakir-simtel-king-spg7027","status":"publish","type":"product","link":"http:\/\/www.kutupsogutma.net\/?product=supurge-bez-torba-emotion-sinbo-fantom-fakir-simtel-king-spg7027","title":{"rendered":"S\u00dcP\u00dcRGE BEZ TORBA EMOT\u0130ON S\u0130NBO-FANTOM-FAK\u0130R-S\u0130MTEL-K\u0130NG SPG7027"},"content":{"rendered":"<p>S\u00dcP\u00dcRGE BEZ TORBA EMOT\u0130ON S\u0130NBO-FANTOM-FAK\u0130R-S\u0130MTEL-K\u0130NG SPG7027<\/p>\n","protected":false},"excerpt":{"rendered":"<p>S\u00dcP\u00dcRGE BEZ TORBA EMOT\u0130ON S\u0130NBO-FANTOM-FAK\u0130R-S\u0130MTEL-K\u0130NG SPG7027<\/p>\n","protected":false},"featured_media":2015,"comment_status":"open","ping_status":"closed","template":"","meta":[],"product_cat":[139,25],"product_tag":[2180,2183,2182,2181,2179],"_links":{"self":[{"href":"http:\/\/www.kutupsogutma.net\/index.php?rest_route=\/wp\/v2\/product\/2014"}],"collection":[{"href":"http:\/\/www.kutupsogutma.net\/index.php?rest_route=\/wp\/v2\/product"}],"about":[{"href":"http:\/\/www.kutupsogutma.net\/index.php?rest_route=\/wp\/v2\/types\/product"}],"replies":[{"embeddable":true,"href":"http:\/\/www.kutupsogutma.net\/index.php?rest_route=%2Fwp%2Fv2%2Fcomments&post=2014"}],"wp:featuredmedia":[{"embeddable":true,"href":"http:\/\/www.kutupsogutma.net\/index.php?rest_route=\/wp\/v2\/media\/2015"}],"wp:attachment":[{"href":"http:\/\/www.kutupsogutma.net\/index.php?rest_route=%2Fwp%2Fv2%2Fmedia&parent=2014"}],"wp:term":[{"taxonomy":"product_cat","embeddable":true,"href":"http:\/\/www.kutupsogutma.net\/index.php?rest_route=%2Fwp%2Fv2%2Fproduct_cat&post=2014"},{"taxonomy":"product_tag","embeddable":true,"href":"http:\/\/www.kutupsogutma.net\/index.php?rest_route=%2Fwp%2Fv2%2Fproduct_tag&post=2014"}],"curies":[{"name":"wp","href":"https:\/\/api.w.org\/{rel}","templated":true}]}}