{"id":2009,"date":"2021-05-07T10:39:12","date_gmt":"2021-05-07T07:39:12","guid":{"rendered":"http:\/\/www.kutupsogutma.net\/?post_type=product&#038;p=2009"},"modified":"2021-05-07T10:40:45","modified_gmt":"2021-05-07T07:40:45","slug":"supurge-bez-torba-philips-aeg-elektrolux-sbag-spg7025","status":"publish","type":"product","link":"http:\/\/www.kutupsogutma.net\/?product=supurge-bez-torba-philips-aeg-elektrolux-sbag-spg7025","title":{"rendered":"S\u00dcP\u00dcRGE BEZ TORBA PH\u0130L\u0130PS-AEG-ELEKTROLUX SBAG SPG7025"},"content":{"rendered":"<p>S\u00dcP\u00dcRGE BEZ TORBA PH\u0130L\u0130PS-AEG-ELEKTROLUX SBAG SPG7025<\/p>\n","protected":false},"excerpt":{"rendered":"<p>S\u00dcP\u00dcRGE BEZ TORBA PH\u0130L\u0130PS-AEG-ELEKTROLUX SBAG SPG7025<\/p>\n","protected":false},"featured_media":2010,"comment_status":"open","ping_status":"closed","template":"","meta":[],"product_cat":[139,25],"product_tag":[2176,2175],"_links":{"self":[{"href":"http:\/\/www.kutupsogutma.net\/index.php?rest_route=\/wp\/v2\/product\/2009"}],"collection":[{"href":"http:\/\/www.kutupsogutma.net\/index.php?rest_route=\/wp\/v2\/product"}],"about":[{"href":"http:\/\/www.kutupsogutma.net\/index.php?rest_route=\/wp\/v2\/types\/product"}],"replies":[{"embeddable":true,"href":"http:\/\/www.kutupsogutma.net\/index.php?rest_route=%2Fwp%2Fv2%2Fcomments&post=2009"}],"wp:featuredmedia":[{"embeddable":true,"href":"http:\/\/www.kutupsogutma.net\/index.php?rest_route=\/wp\/v2\/media\/2010"}],"wp:attachment":[{"href":"http:\/\/www.kutupsogutma.net\/index.php?rest_route=%2Fwp%2Fv2%2Fmedia&parent=2009"}],"wp:term":[{"taxonomy":"product_cat","embeddable":true,"href":"http:\/\/www.kutupsogutma.net\/index.php?rest_route=%2Fwp%2Fv2%2Fproduct_cat&post=2009"},{"taxonomy":"product_tag","embeddable":true,"href":"http:\/\/www.kutupsogutma.net\/index.php?rest_route=%2Fwp%2Fv2%2Fproduct_tag&post=2009"}],"curies":[{"name":"wp","href":"https:\/\/api.w.org\/{rel}","templated":true}]}}