{"id":2007,"date":"2021-05-07T10:37:09","date_gmt":"2021-05-07T07:37:09","guid":{"rendered":"http:\/\/www.kutupsogutma.net\/?post_type=product&#038;p=2007"},"modified":"2021-05-07T10:38:58","modified_gmt":"2021-05-07T07:38:58","slug":"supurge-bez-torba-fakir-arzum-prestige-1800-verdino-445-spg7024","status":"publish","type":"product","link":"http:\/\/www.kutupsogutma.net\/?product=supurge-bez-torba-fakir-arzum-prestige-1800-verdino-445-spg7024","title":{"rendered":"S\u00dcP\u00dcRGE BEZ TORBA FAK\u0130R-ARZUM PREST\u0130GE 1800-VERD\u0130NO 445 SPG7024"},"content":{"rendered":"<p>S\u00dcP\u00dcRGE BEZ TORBA FAK\u0130R-ARZUM PREST\u0130GE 1800-VERD\u0130NO 445 SPG7024<\/p>\n","protected":false},"excerpt":{"rendered":"<p>S\u00dcP\u00dcRGE BEZ TORBA FAK\u0130R-ARZUM PREST\u0130GE 1800-VERD\u0130NO 445 SPG7024<\/p>\n","protected":false},"featured_media":2008,"comment_status":"open","ping_status":"closed","template":"","meta":[],"product_cat":[139,25],"product_tag":[2174,2169,2173,2172],"_links":{"self":[{"href":"http:\/\/www.kutupsogutma.net\/index.php?rest_route=\/wp\/v2\/product\/2007"}],"collection":[{"href":"http:\/\/www.kutupsogutma.net\/index.php?rest_route=\/wp\/v2\/product"}],"about":[{"href":"http:\/\/www.kutupsogutma.net\/index.php?rest_route=\/wp\/v2\/types\/product"}],"replies":[{"embeddable":true,"href":"http:\/\/www.kutupsogutma.net\/index.php?rest_route=%2Fwp%2Fv2%2Fcomments&post=2007"}],"wp:featuredmedia":[{"embeddable":true,"href":"http:\/\/www.kutupsogutma.net\/index.php?rest_route=\/wp\/v2\/media\/2008"}],"wp:attachment":[{"href":"http:\/\/www.kutupsogutma.net\/index.php?rest_route=%2Fwp%2Fv2%2Fmedia&parent=2007"}],"wp:term":[{"taxonomy":"product_cat","embeddable":true,"href":"http:\/\/www.kutupsogutma.net\/index.php?rest_route=%2Fwp%2Fv2%2Fproduct_cat&post=2007"},{"taxonomy":"product_tag","embeddable":true,"href":"http:\/\/www.kutupsogutma.net\/index.php?rest_route=%2Fwp%2Fv2%2Fproduct_tag&post=2007"}],"curies":[{"name":"wp","href":"https:\/\/api.w.org\/{rel}","templated":true}]}}