{"id":1995,"date":"2021-05-07T10:25:54","date_gmt":"2021-05-07T07:25:54","guid":{"rendered":"http:\/\/www.kutupsogutma.net\/?post_type=product&#038;p=1995"},"modified":"2021-05-07T10:27:47","modified_gmt":"2021-05-07T07:27:47","slug":"supurge-kagit-torba-fantom-universal-wf-4250-wd-1750-spg7018","status":"publish","type":"product","link":"http:\/\/www.kutupsogutma.net\/?product=supurge-kagit-torba-fantom-universal-wf-4250-wd-1750-spg7018","title":{"rendered":"S\u00dcP\u00dcRGE KA\u011eIT TORBA FANTOM UNIVERSAL WF 4250 WD 1750 SPG7018"},"content":{"rendered":"<p>S\u00dcP\u00dcRGE KA\u011eIT TORBA FANTOM UNIVERSAL WF 4250 WD 1750 SPG7018<\/p>\n","protected":false},"excerpt":{"rendered":"<p>S\u00dcP\u00dcRGE KA\u011eIT TORBA FANTOM UNIVERSAL WF 4250 WD 1750 SPG7018<\/p>\n","protected":false},"featured_media":1996,"comment_status":"open","ping_status":"closed","template":"","meta":[],"product_cat":[139,25],"product_tag":[2163,2162,2161],"_links":{"self":[{"href":"http:\/\/www.kutupsogutma.net\/index.php?rest_route=\/wp\/v2\/product\/1995"}],"collection":[{"href":"http:\/\/www.kutupsogutma.net\/index.php?rest_route=\/wp\/v2\/product"}],"about":[{"href":"http:\/\/www.kutupsogutma.net\/index.php?rest_route=\/wp\/v2\/types\/product"}],"replies":[{"embeddable":true,"href":"http:\/\/www.kutupsogutma.net\/index.php?rest_route=%2Fwp%2Fv2%2Fcomments&post=1995"}],"wp:featuredmedia":[{"embeddable":true,"href":"http:\/\/www.kutupsogutma.net\/index.php?rest_route=\/wp\/v2\/media\/1996"}],"wp:attachment":[{"href":"http:\/\/www.kutupsogutma.net\/index.php?rest_route=%2Fwp%2Fv2%2Fmedia&parent=1995"}],"wp:term":[{"taxonomy":"product_cat","embeddable":true,"href":"http:\/\/www.kutupsogutma.net\/index.php?rest_route=%2Fwp%2Fv2%2Fproduct_cat&post=1995"},{"taxonomy":"product_tag","embeddable":true,"href":"http:\/\/www.kutupsogutma.net\/index.php?rest_route=%2Fwp%2Fv2%2Fproduct_tag&post=1995"}],"curies":[{"name":"wp","href":"https:\/\/api.w.org\/{rel}","templated":true}]}}