{"id":1989,"date":"2021-05-07T10:22:03","date_gmt":"2021-05-07T07:22:03","guid":{"rendered":"http:\/\/www.kutupsogutma.net\/?post_type=product&#038;p=1989"},"modified":"2021-05-07T10:23:09","modified_gmt":"2021-05-07T07:23:09","slug":"supurge-kagit-torba-eio-vestel-profilo-vinto-targa-spg7015","status":"publish","type":"product","link":"http:\/\/www.kutupsogutma.net\/?product=supurge-kagit-torba-eio-vestel-profilo-vinto-targa-spg7015","title":{"rendered":"S\u00dcP\u00dcRGE KA\u011eIT TORBA EIO-VESTEL-PROF\u0130LO V\u0130NTO-TARGA SPG7015"},"content":{"rendered":"<p>S\u00dcP\u00dcRGE KA\u011eIT TORBA EIO-VESTEL-PROF\u0130LO V\u0130NTO-TARGA SPG7015<\/p>\n","protected":false},"excerpt":{"rendered":"<p>S\u00dcP\u00dcRGE KA\u011eIT TORBA EIO-VESTEL-PROF\u0130LO V\u0130NTO-TARGA SPG7015<\/p>\n","protected":false},"featured_media":1990,"comment_status":"open","ping_status":"closed","template":"","meta":[],"product_cat":[139,25],"product_tag":[2156,2155],"_links":{"self":[{"href":"http:\/\/www.kutupsogutma.net\/index.php?rest_route=\/wp\/v2\/product\/1989"}],"collection":[{"href":"http:\/\/www.kutupsogutma.net\/index.php?rest_route=\/wp\/v2\/product"}],"about":[{"href":"http:\/\/www.kutupsogutma.net\/index.php?rest_route=\/wp\/v2\/types\/product"}],"replies":[{"embeddable":true,"href":"http:\/\/www.kutupsogutma.net\/index.php?rest_route=%2Fwp%2Fv2%2Fcomments&post=1989"}],"wp:featuredmedia":[{"embeddable":true,"href":"http:\/\/www.kutupsogutma.net\/index.php?rest_route=\/wp\/v2\/media\/1990"}],"wp:attachment":[{"href":"http:\/\/www.kutupsogutma.net\/index.php?rest_route=%2Fwp%2Fv2%2Fmedia&parent=1989"}],"wp:term":[{"taxonomy":"product_cat","embeddable":true,"href":"http:\/\/www.kutupsogutma.net\/index.php?rest_route=%2Fwp%2Fv2%2Fproduct_cat&post=1989"},{"taxonomy":"product_tag","embeddable":true,"href":"http:\/\/www.kutupsogutma.net\/index.php?rest_route=%2Fwp%2Fv2%2Fproduct_tag&post=1989"}],"curies":[{"name":"wp","href":"https:\/\/api.w.org\/{rel}","templated":true}]}}