{"id":1984,"date":"2021-05-07T10:17:14","date_gmt":"2021-05-07T07:17:14","guid":{"rendered":"http:\/\/www.kutupsogutma.net\/?post_type=product&#038;p=1984"},"modified":"2021-05-07T10:18:17","modified_gmt":"2021-05-07T07:18:17","slug":"supurge-kagit-torba-fakir-e100-tt0158-spg7012","status":"publish","type":"product","link":"http:\/\/www.kutupsogutma.net\/?product=supurge-kagit-torba-fakir-e100-tt0158-spg7012","title":{"rendered":"S\u00dcP\u00dcRGE KA\u011eIT TORBA FAK\u0130R E100 TT0158 SPG7012"},"content":{"rendered":"<p>S\u00dcP\u00dcRGE KA\u011eIT TORBA FAK\u0130R E100 TT0158 SPG7012<\/p>\n","protected":false},"excerpt":{"rendered":"<p>S\u00dcP\u00dcRGE KA\u011eIT TORBA FAK\u0130R E100 TT0158 SPG7012<\/p>\n","protected":false},"featured_media":1985,"comment_status":"open","ping_status":"closed","template":"","meta":[],"product_cat":[139,25],"product_tag":[2152,2151],"_links":{"self":[{"href":"http:\/\/www.kutupsogutma.net\/index.php?rest_route=\/wp\/v2\/product\/1984"}],"collection":[{"href":"http:\/\/www.kutupsogutma.net\/index.php?rest_route=\/wp\/v2\/product"}],"about":[{"href":"http:\/\/www.kutupsogutma.net\/index.php?rest_route=\/wp\/v2\/types\/product"}],"replies":[{"embeddable":true,"href":"http:\/\/www.kutupsogutma.net\/index.php?rest_route=%2Fwp%2Fv2%2Fcomments&post=1984"}],"wp:featuredmedia":[{"embeddable":true,"href":"http:\/\/www.kutupsogutma.net\/index.php?rest_route=\/wp\/v2\/media\/1985"}],"wp:attachment":[{"href":"http:\/\/www.kutupsogutma.net\/index.php?rest_route=%2Fwp%2Fv2%2Fmedia&parent=1984"}],"wp:term":[{"taxonomy":"product_cat","embeddable":true,"href":"http:\/\/www.kutupsogutma.net\/index.php?rest_route=%2Fwp%2Fv2%2Fproduct_cat&post=1984"},{"taxonomy":"product_tag","embeddable":true,"href":"http:\/\/www.kutupsogutma.net\/index.php?rest_route=%2Fwp%2Fv2%2Fproduct_tag&post=1984"}],"curies":[{"name":"wp","href":"https:\/\/api.w.org\/{rel}","templated":true}]}}