{"id":1982,"date":"2021-05-07T10:15:13","date_gmt":"2021-05-07T07:15:13","guid":{"rendered":"http:\/\/www.kutupsogutma.net\/?post_type=product&#038;p=1982"},"modified":"2021-05-07T10:17:09","modified_gmt":"2021-05-07T07:17:09","slug":"supurge-kagit-torba-arzum-fakir-2600-3600-spg7011","status":"publish","type":"product","link":"http:\/\/www.kutupsogutma.net\/?product=supurge-kagit-torba-arzum-fakir-2600-3600-spg7011","title":{"rendered":"S\u00dcP\u00dcRGE KA\u011eIT TORBA ARZUM-FAK\u0130R 2600-3600 SPG7011"},"content":{"rendered":"<p>S\u00dcP\u00dcRGE KA\u011eIT TORBA ARZUM-FAK\u0130R 2600-3600 SPG7011<\/p>\n","protected":false},"excerpt":{"rendered":"<p>S\u00dcP\u00dcRGE KA\u011eIT TORBA ARZUM-FAK\u0130R 2600-3600 SPG7011<\/p>\n","protected":false},"featured_media":1983,"comment_status":"open","ping_status":"closed","template":"","meta":[],"product_cat":[139,25],"product_tag":[2149,2148,2150],"_links":{"self":[{"href":"http:\/\/www.kutupsogutma.net\/index.php?rest_route=\/wp\/v2\/product\/1982"}],"collection":[{"href":"http:\/\/www.kutupsogutma.net\/index.php?rest_route=\/wp\/v2\/product"}],"about":[{"href":"http:\/\/www.kutupsogutma.net\/index.php?rest_route=\/wp\/v2\/types\/product"}],"replies":[{"embeddable":true,"href":"http:\/\/www.kutupsogutma.net\/index.php?rest_route=%2Fwp%2Fv2%2Fcomments&post=1982"}],"wp:featuredmedia":[{"embeddable":true,"href":"http:\/\/www.kutupsogutma.net\/index.php?rest_route=\/wp\/v2\/media\/1983"}],"wp:attachment":[{"href":"http:\/\/www.kutupsogutma.net\/index.php?rest_route=%2Fwp%2Fv2%2Fmedia&parent=1982"}],"wp:term":[{"taxonomy":"product_cat","embeddable":true,"href":"http:\/\/www.kutupsogutma.net\/index.php?rest_route=%2Fwp%2Fv2%2Fproduct_cat&post=1982"},{"taxonomy":"product_tag","embeddable":true,"href":"http:\/\/www.kutupsogutma.net\/index.php?rest_route=%2Fwp%2Fv2%2Fproduct_tag&post=1982"}],"curies":[{"name":"wp","href":"https:\/\/api.w.org\/{rel}","templated":true}]}}