{"id":1980,"date":"2021-05-07T10:13:50","date_gmt":"2021-05-07T07:13:50","guid":{"rendered":"http:\/\/www.kutupsogutma.net\/?post_type=product&#038;p=1980"},"modified":"2021-05-07T10:15:02","modified_gmt":"2021-05-07T07:15:02","slug":"supurge-kagit-torba-arcelik-beko-s6660-spg7009","status":"publish","type":"product","link":"http:\/\/www.kutupsogutma.net\/?product=supurge-kagit-torba-arcelik-beko-s6660-spg7009","title":{"rendered":"S\u00dcP\u00dcRGE KA\u011eIT TORBA AR\u00c7EL\u0130K-BEKO S6660 SPG7009"},"content":{"rendered":"<p>S\u00dcP\u00dcRGE KA\u011eIT TORBA AR\u00c7EL\u0130K-BEKO S6660 SPG7009<\/p>\n","protected":false},"excerpt":{"rendered":"<p>S\u00dcP\u00dcRGE KA\u011eIT TORBA AR\u00c7EL\u0130K-BEKO S6660 SPG7009<\/p>\n","protected":false},"featured_media":1981,"comment_status":"open","ping_status":"closed","template":"","meta":[],"product_cat":[139,25],"product_tag":[2147,2146],"_links":{"self":[{"href":"http:\/\/www.kutupsogutma.net\/index.php?rest_route=\/wp\/v2\/product\/1980"}],"collection":[{"href":"http:\/\/www.kutupsogutma.net\/index.php?rest_route=\/wp\/v2\/product"}],"about":[{"href":"http:\/\/www.kutupsogutma.net\/index.php?rest_route=\/wp\/v2\/types\/product"}],"replies":[{"embeddable":true,"href":"http:\/\/www.kutupsogutma.net\/index.php?rest_route=%2Fwp%2Fv2%2Fcomments&post=1980"}],"wp:featuredmedia":[{"embeddable":true,"href":"http:\/\/www.kutupsogutma.net\/index.php?rest_route=\/wp\/v2\/media\/1981"}],"wp:attachment":[{"href":"http:\/\/www.kutupsogutma.net\/index.php?rest_route=%2Fwp%2Fv2%2Fmedia&parent=1980"}],"wp:term":[{"taxonomy":"product_cat","embeddable":true,"href":"http:\/\/www.kutupsogutma.net\/index.php?rest_route=%2Fwp%2Fv2%2Fproduct_cat&post=1980"},{"taxonomy":"product_tag","embeddable":true,"href":"http:\/\/www.kutupsogutma.net\/index.php?rest_route=%2Fwp%2Fv2%2Fproduct_tag&post=1980"}],"curies":[{"name":"wp","href":"https:\/\/api.w.org\/{rel}","templated":true}]}}