{"id":1967,"date":"2021-05-06T14:27:52","date_gmt":"2021-05-06T11:27:52","guid":{"rendered":"http:\/\/www.kutupsogutma.net\/?post_type=product&#038;p=1967"},"modified":"2021-05-06T14:28:39","modified_gmt":"2021-05-06T11:28:39","slug":"supurge-kagit-torba-ihlas-aqua-vac-islak-kuru-buyuk-spg7001","status":"publish","type":"product","link":"http:\/\/www.kutupsogutma.net\/?product=supurge-kagit-torba-ihlas-aqua-vac-islak-kuru-buyuk-spg7001","title":{"rendered":"S\u00dcP\u00dcRGE KA\u011eIT TORBA \u0130HLAS AQUA VAC ISLAK-KURU B\u00dcY\u00dcK SPG7001"},"content":{"rendered":"<p>S\u00dcP\u00dcRGE KA\u011eIT TORBA \u0130HLAS AQUA VAC ISLAK-KURU B\u00dcY\u00dcK SPG7001<\/p>\n","protected":false},"excerpt":{"rendered":"<p>S\u00dcP\u00dcRGE KA\u011eIT TORBA \u0130HLAS AQUA VAC ISLAK-KURU B\u00dcY\u00dcK SPG7001<\/p>\n","protected":false},"featured_media":1965,"comment_status":"open","ping_status":"closed","template":"","meta":[],"product_cat":[139,25],"product_tag":[2120,2119],"_links":{"self":[{"href":"http:\/\/www.kutupsogutma.net\/index.php?rest_route=\/wp\/v2\/product\/1967"}],"collection":[{"href":"http:\/\/www.kutupsogutma.net\/index.php?rest_route=\/wp\/v2\/product"}],"about":[{"href":"http:\/\/www.kutupsogutma.net\/index.php?rest_route=\/wp\/v2\/types\/product"}],"replies":[{"embeddable":true,"href":"http:\/\/www.kutupsogutma.net\/index.php?rest_route=%2Fwp%2Fv2%2Fcomments&post=1967"}],"wp:featuredmedia":[{"embeddable":true,"href":"http:\/\/www.kutupsogutma.net\/index.php?rest_route=\/wp\/v2\/media\/1965"}],"wp:attachment":[{"href":"http:\/\/www.kutupsogutma.net\/index.php?rest_route=%2Fwp%2Fv2%2Fmedia&parent=1967"}],"wp:term":[{"taxonomy":"product_cat","embeddable":true,"href":"http:\/\/www.kutupsogutma.net\/index.php?rest_route=%2Fwp%2Fv2%2Fproduct_cat&post=1967"},{"taxonomy":"product_tag","embeddable":true,"href":"http:\/\/www.kutupsogutma.net\/index.php?rest_route=%2Fwp%2Fv2%2Fproduct_tag&post=1967"}],"curies":[{"name":"wp","href":"https:\/\/api.w.org\/{rel}","templated":true}]}}