{"id":1964,"date":"2021-05-06T14:26:03","date_gmt":"2021-05-06T11:26:03","guid":{"rendered":"http:\/\/www.kutupsogutma.net\/?post_type=product&#038;p=1964"},"modified":"2021-05-06T14:27:46","modified_gmt":"2021-05-06T11:27:46","slug":"supurge-kagit-torba-arzum-arnika-tayfun-buyuk-spg7037","status":"publish","type":"product","link":"http:\/\/www.kutupsogutma.net\/?product=supurge-kagit-torba-arzum-arnika-tayfun-buyuk-spg7037","title":{"rendered":"S\u00dcP\u00dcRGE KA\u011eIT TORBA ARZUM ARN\u0130KA TAYFUN B\u00dcY\u00dcK SPG7037"},"content":{"rendered":"<p>S\u00dcP\u00dcRGE KA\u011eIT TORBA ARZUM ARN\u0130KA TAYFUN B\u00dcY\u00dcK SPG7037<\/p>\n","protected":false},"excerpt":{"rendered":"<p>S\u00dcP\u00dcRGE KA\u011eIT TORBA ARZUM ARN\u0130KA TAYFUN B\u00dcY\u00dcK SPG7037<\/p>\n","protected":false},"featured_media":1966,"comment_status":"open","ping_status":"closed","template":"","meta":[],"product_cat":[139,25],"product_tag":[2117,2116,2115,2118,2114],"_links":{"self":[{"href":"http:\/\/www.kutupsogutma.net\/index.php?rest_route=\/wp\/v2\/product\/1964"}],"collection":[{"href":"http:\/\/www.kutupsogutma.net\/index.php?rest_route=\/wp\/v2\/product"}],"about":[{"href":"http:\/\/www.kutupsogutma.net\/index.php?rest_route=\/wp\/v2\/types\/product"}],"replies":[{"embeddable":true,"href":"http:\/\/www.kutupsogutma.net\/index.php?rest_route=%2Fwp%2Fv2%2Fcomments&post=1964"}],"wp:featuredmedia":[{"embeddable":true,"href":"http:\/\/www.kutupsogutma.net\/index.php?rest_route=\/wp\/v2\/media\/1966"}],"wp:attachment":[{"href":"http:\/\/www.kutupsogutma.net\/index.php?rest_route=%2Fwp%2Fv2%2Fmedia&parent=1964"}],"wp:term":[{"taxonomy":"product_cat","embeddable":true,"href":"http:\/\/www.kutupsogutma.net\/index.php?rest_route=%2Fwp%2Fv2%2Fproduct_cat&post=1964"},{"taxonomy":"product_tag","embeddable":true,"href":"http:\/\/www.kutupsogutma.net\/index.php?rest_route=%2Fwp%2Fv2%2Fproduct_tag&post=1964"}],"curies":[{"name":"wp","href":"https:\/\/api.w.org\/{rel}","templated":true}]}}