{"id":1962,"date":"2021-05-06T14:03:13","date_gmt":"2021-05-06T11:03:13","guid":{"rendered":"http:\/\/www.kutupsogutma.net\/?post_type=product&#038;p=1962"},"modified":"2021-05-06T14:25:55","modified_gmt":"2021-05-06T11:25:55","slug":"supurge-kagit-torba-rowenta-rb50-60-buyuk-spg7000","status":"publish","type":"product","link":"http:\/\/www.kutupsogutma.net\/?product=supurge-kagit-torba-rowenta-rb50-60-buyuk-spg7000","title":{"rendered":"S\u00dcP\u00dcRGE KA\u011eIT TORBA ROWENTA RB50-60 B\u00dcY\u00dcK SPG7000"},"content":{"rendered":"<p>S\u00dcP\u00dcRGE KA\u011eIT TORBA ROWENTA RB50-60 B\u00dcY\u00dcK SPG7000<\/p>\n","protected":false},"excerpt":{"rendered":"<p>S\u00dcP\u00dcRGE KA\u011eIT TORBA ROWENTA RB50-60 B\u00dcY\u00dcK SPG7000<\/p>\n","protected":false},"featured_media":1963,"comment_status":"open","ping_status":"closed","template":"","meta":[],"product_cat":[139,25],"product_tag":[2112,2111,2113,2110],"_links":{"self":[{"href":"http:\/\/www.kutupsogutma.net\/index.php?rest_route=\/wp\/v2\/product\/1962"}],"collection":[{"href":"http:\/\/www.kutupsogutma.net\/index.php?rest_route=\/wp\/v2\/product"}],"about":[{"href":"http:\/\/www.kutupsogutma.net\/index.php?rest_route=\/wp\/v2\/types\/product"}],"replies":[{"embeddable":true,"href":"http:\/\/www.kutupsogutma.net\/index.php?rest_route=%2Fwp%2Fv2%2Fcomments&post=1962"}],"wp:featuredmedia":[{"embeddable":true,"href":"http:\/\/www.kutupsogutma.net\/index.php?rest_route=\/wp\/v2\/media\/1963"}],"wp:attachment":[{"href":"http:\/\/www.kutupsogutma.net\/index.php?rest_route=%2Fwp%2Fv2%2Fmedia&parent=1962"}],"wp:term":[{"taxonomy":"product_cat","embeddable":true,"href":"http:\/\/www.kutupsogutma.net\/index.php?rest_route=%2Fwp%2Fv2%2Fproduct_cat&post=1962"},{"taxonomy":"product_tag","embeddable":true,"href":"http:\/\/www.kutupsogutma.net\/index.php?rest_route=%2Fwp%2Fv2%2Fproduct_tag&post=1962"}],"curies":[{"name":"wp","href":"https:\/\/api.w.org\/{rel}","templated":true}]}}