{"id":1960,"date":"2021-05-06T14:02:12","date_gmt":"2021-05-06T11:02:12","guid":{"rendered":"http:\/\/www.kutupsogutma.net\/?post_type=product&#038;p=1960"},"modified":"2021-05-06T14:03:06","modified_gmt":"2021-05-06T11:03:06","slug":"supurge-filtre-rowenta-mavi-kucuk-sunger-spg6012","status":"publish","type":"product","link":"http:\/\/www.kutupsogutma.net\/?product=supurge-filtre-rowenta-mavi-kucuk-sunger-spg6012","title":{"rendered":"S\u00dcP\u00dcRGE F\u0130LTRE ROWENTA MAV\u0130 K\u00dc\u00c7\u00dcK S\u00dcNGER SPG6012"},"content":{"rendered":"<p>S\u00dcP\u00dcRGE F\u0130LTRE ROWENTA MAV\u0130 K\u00dc\u00c7\u00dcK S\u00dcNGER SPG6012<\/p>\n","protected":false},"excerpt":{"rendered":"<p>S\u00dcP\u00dcRGE F\u0130LTRE ROWENTA MAV\u0130 K\u00dc\u00c7\u00dcK S\u00dcNGER SPG6012<\/p>\n","protected":false},"featured_media":1961,"comment_status":"open","ping_status":"closed","template":"","meta":[],"product_cat":[138,25],"product_tag":[2107,2106,2104],"_links":{"self":[{"href":"http:\/\/www.kutupsogutma.net\/index.php?rest_route=\/wp\/v2\/product\/1960"}],"collection":[{"href":"http:\/\/www.kutupsogutma.net\/index.php?rest_route=\/wp\/v2\/product"}],"about":[{"href":"http:\/\/www.kutupsogutma.net\/index.php?rest_route=\/wp\/v2\/types\/product"}],"replies":[{"embeddable":true,"href":"http:\/\/www.kutupsogutma.net\/index.php?rest_route=%2Fwp%2Fv2%2Fcomments&post=1960"}],"wp:featuredmedia":[{"embeddable":true,"href":"http:\/\/www.kutupsogutma.net\/index.php?rest_route=\/wp\/v2\/media\/1961"}],"wp:attachment":[{"href":"http:\/\/www.kutupsogutma.net\/index.php?rest_route=%2Fwp%2Fv2%2Fmedia&parent=1960"}],"wp:term":[{"taxonomy":"product_cat","embeddable":true,"href":"http:\/\/www.kutupsogutma.net\/index.php?rest_route=%2Fwp%2Fv2%2Fproduct_cat&post=1960"},{"taxonomy":"product_tag","embeddable":true,"href":"http:\/\/www.kutupsogutma.net\/index.php?rest_route=%2Fwp%2Fv2%2Fproduct_tag&post=1960"}],"curies":[{"name":"wp","href":"https:\/\/api.w.org\/{rel}","templated":true}]}}