{"id":1956,"date":"2021-05-06T13:56:29","date_gmt":"2021-05-06T10:56:29","guid":{"rendered":"http:\/\/www.kutupsogutma.net\/?post_type=product&#038;p=1956"},"modified":"2021-05-06T14:00:35","modified_gmt":"2021-05-06T11:00:35","slug":"supurge-filtre-rowenta-rowenta-x-trem-on-yuvarlak-buyuk-spg6030","status":"publish","type":"product","link":"http:\/\/www.kutupsogutma.net\/?product=supurge-filtre-rowenta-rowenta-x-trem-on-yuvarlak-buyuk-spg6030","title":{"rendered":"S\u00dcP\u00dcRGE F\u0130LTRE ROWENTA ROWENTA X-TREM \u00d6N YUVARLAK B\u00dcY\u00dcK SPG6030"},"content":{"rendered":"<p>S\u00dcP\u00dcRGE F\u0130LTRE ROWENTA ROWENTA X-TREM \u00d6N YUVARLAK B\u00dcY\u00dcK SPG6030<\/p>\n","protected":false},"excerpt":{"rendered":"<p>S\u00dcP\u00dcRGE F\u0130LTRE ROWENTA ROWENTA X-TREM \u00d6N YUVARLAK B\u00dcY\u00dcK SPG6030<\/p>\n","protected":false},"featured_media":1957,"comment_status":"open","ping_status":"closed","template":"","meta":[],"product_cat":[138,25],"product_tag":[2103,2102],"_links":{"self":[{"href":"http:\/\/www.kutupsogutma.net\/index.php?rest_route=\/wp\/v2\/product\/1956"}],"collection":[{"href":"http:\/\/www.kutupsogutma.net\/index.php?rest_route=\/wp\/v2\/product"}],"about":[{"href":"http:\/\/www.kutupsogutma.net\/index.php?rest_route=\/wp\/v2\/types\/product"}],"replies":[{"embeddable":true,"href":"http:\/\/www.kutupsogutma.net\/index.php?rest_route=%2Fwp%2Fv2%2Fcomments&post=1956"}],"wp:featuredmedia":[{"embeddable":true,"href":"http:\/\/www.kutupsogutma.net\/index.php?rest_route=\/wp\/v2\/media\/1957"}],"wp:attachment":[{"href":"http:\/\/www.kutupsogutma.net\/index.php?rest_route=%2Fwp%2Fv2%2Fmedia&parent=1956"}],"wp:term":[{"taxonomy":"product_cat","embeddable":true,"href":"http:\/\/www.kutupsogutma.net\/index.php?rest_route=%2Fwp%2Fv2%2Fproduct_cat&post=1956"},{"taxonomy":"product_tag","embeddable":true,"href":"http:\/\/www.kutupsogutma.net\/index.php?rest_route=%2Fwp%2Fv2%2Fproduct_tag&post=1956"}],"curies":[{"name":"wp","href":"https:\/\/api.w.org\/{rel}","templated":true}]}}