{"id":1952,"date":"2021-05-06T13:54:01","date_gmt":"2021-05-06T10:54:01","guid":{"rendered":"http:\/\/www.kutupsogutma.net\/?post_type=product&#038;p=1952"},"modified":"2021-05-06T13:55:00","modified_gmt":"2021-05-06T10:55:00","slug":"supurge-filtre-rowenta-ro3723-on-yuvarlak-kucuk-spg6028","status":"publish","type":"product","link":"http:\/\/www.kutupsogutma.net\/?product=supurge-filtre-rowenta-ro3723-on-yuvarlak-kucuk-spg6028","title":{"rendered":"S\u00dcP\u00dcRGE F\u0130LTRE ROWENTA RO3723 \u00d6N YUVARLAK K\u00dc\u00c7\u00dcK SPG6028"},"content":{"rendered":"<p>S\u00dcP\u00dcRGE F\u0130LTRE ROWENTA RO3723 \u00d6N YUVARLAK K\u00dc\u00c7\u00dcK SPG6028<\/p>\n","protected":false},"excerpt":{"rendered":"<p>S\u00dcP\u00dcRGE F\u0130LTRE ROWENTA RO3723 \u00d6N YUVARLAK K\u00dc\u00c7\u00dcK SPG6028<\/p>\n","protected":false},"featured_media":1953,"comment_status":"open","ping_status":"closed","template":"","meta":[],"product_cat":[138,25],"product_tag":[2099,2098],"_links":{"self":[{"href":"http:\/\/www.kutupsogutma.net\/index.php?rest_route=\/wp\/v2\/product\/1952"}],"collection":[{"href":"http:\/\/www.kutupsogutma.net\/index.php?rest_route=\/wp\/v2\/product"}],"about":[{"href":"http:\/\/www.kutupsogutma.net\/index.php?rest_route=\/wp\/v2\/types\/product"}],"replies":[{"embeddable":true,"href":"http:\/\/www.kutupsogutma.net\/index.php?rest_route=%2Fwp%2Fv2%2Fcomments&post=1952"}],"wp:featuredmedia":[{"embeddable":true,"href":"http:\/\/www.kutupsogutma.net\/index.php?rest_route=\/wp\/v2\/media\/1953"}],"wp:attachment":[{"href":"http:\/\/www.kutupsogutma.net\/index.php?rest_route=%2Fwp%2Fv2%2Fmedia&parent=1952"}],"wp:term":[{"taxonomy":"product_cat","embeddable":true,"href":"http:\/\/www.kutupsogutma.net\/index.php?rest_route=%2Fwp%2Fv2%2Fproduct_cat&post=1952"},{"taxonomy":"product_tag","embeddable":true,"href":"http:\/\/www.kutupsogutma.net\/index.php?rest_route=%2Fwp%2Fv2%2Fproduct_tag&post=1952"}],"curies":[{"name":"wp","href":"https:\/\/api.w.org\/{rel}","templated":true}]}}