{"id":1942,"date":"2021-05-06T13:48:03","date_gmt":"2021-05-06T10:48:03","guid":{"rendered":"http:\/\/www.kutupsogutma.net\/?post_type=product&#038;p=1942"},"modified":"2021-05-06T13:49:07","modified_gmt":"2021-05-06T10:49:07","slug":"supurge-filtre-ihlas-silindir-sari-uzun-187-cm-spg6009","status":"publish","type":"product","link":"http:\/\/www.kutupsogutma.net\/?product=supurge-filtre-ihlas-silindir-sari-uzun-187-cm-spg6009","title":{"rendered":"S\u00dcP\u00dcRGE F\u0130LTRE \u0130HLAS S\u0130L\u0130ND\u0130R SARI UZUN 18,7 CM SPG6009"},"content":{"rendered":"<p>S\u00dcP\u00dcRGE F\u0130LTRE \u0130HLAS S\u0130L\u0130ND\u0130R SARI UZUN 18,7 CM SPG6009<\/p>\n","protected":false},"excerpt":{"rendered":"<p>S\u00dcP\u00dcRGE F\u0130LTRE \u0130HLAS S\u0130L\u0130ND\u0130R SARI UZUN 18,7 CM SPG6009<\/p>\n","protected":false},"featured_media":1943,"comment_status":"open","ping_status":"closed","template":"","meta":[],"product_cat":[138,25],"product_tag":[2086,2085],"_links":{"self":[{"href":"http:\/\/www.kutupsogutma.net\/index.php?rest_route=\/wp\/v2\/product\/1942"}],"collection":[{"href":"http:\/\/www.kutupsogutma.net\/index.php?rest_route=\/wp\/v2\/product"}],"about":[{"href":"http:\/\/www.kutupsogutma.net\/index.php?rest_route=\/wp\/v2\/types\/product"}],"replies":[{"embeddable":true,"href":"http:\/\/www.kutupsogutma.net\/index.php?rest_route=%2Fwp%2Fv2%2Fcomments&post=1942"}],"wp:featuredmedia":[{"embeddable":true,"href":"http:\/\/www.kutupsogutma.net\/index.php?rest_route=\/wp\/v2\/media\/1943"}],"wp:attachment":[{"href":"http:\/\/www.kutupsogutma.net\/index.php?rest_route=%2Fwp%2Fv2%2Fmedia&parent=1942"}],"wp:term":[{"taxonomy":"product_cat","embeddable":true,"href":"http:\/\/www.kutupsogutma.net\/index.php?rest_route=%2Fwp%2Fv2%2Fproduct_cat&post=1942"},{"taxonomy":"product_tag","embeddable":true,"href":"http:\/\/www.kutupsogutma.net\/index.php?rest_route=%2Fwp%2Fv2%2Fproduct_tag&post=1942"}],"curies":[{"name":"wp","href":"https:\/\/api.w.org\/{rel}","templated":true}]}}