{"id":1938,"date":"2021-05-06T13:45:32","date_gmt":"2021-05-06T10:45:32","guid":{"rendered":"http:\/\/www.kutupsogutma.net\/?post_type=product&#038;p=1938"},"modified":"2021-05-06T13:46:42","modified_gmt":"2021-05-06T10:46:42","slug":"supurge-filtre-kaset-bosch-577117-ithal-motor-koruma-siyah-spg6032","status":"publish","type":"product","link":"http:\/\/www.kutupsogutma.net\/?product=supurge-filtre-kaset-bosch-577117-ithal-motor-koruma-siyah-spg6032","title":{"rendered":"S\u00dcP\u00dcRGE F\u0130LTRE KASET BOSCH 577117 \u0130THAL MOTOR KORUMA S\u0130YAH SPG6032"},"content":{"rendered":"<p>S\u00dcP\u00dcRGE F\u0130LTRE KASET BOSCH 577117 \u0130THAL MOTOR KORUMA S\u0130YAH SPG6032<\/p>\n","protected":false},"excerpt":{"rendered":"<p>S\u00dcP\u00dcRGE F\u0130LTRE KASET BOSCH 577117 \u0130THAL MOTOR KORUMA S\u0130YAH SPG6032<\/p>\n","protected":false},"featured_media":1939,"comment_status":"open","ping_status":"closed","template":"","meta":[],"product_cat":[138,25],"product_tag":[2081,2079,2082,2080],"_links":{"self":[{"href":"http:\/\/www.kutupsogutma.net\/index.php?rest_route=\/wp\/v2\/product\/1938"}],"collection":[{"href":"http:\/\/www.kutupsogutma.net\/index.php?rest_route=\/wp\/v2\/product"}],"about":[{"href":"http:\/\/www.kutupsogutma.net\/index.php?rest_route=\/wp\/v2\/types\/product"}],"replies":[{"embeddable":true,"href":"http:\/\/www.kutupsogutma.net\/index.php?rest_route=%2Fwp%2Fv2%2Fcomments&post=1938"}],"wp:featuredmedia":[{"embeddable":true,"href":"http:\/\/www.kutupsogutma.net\/index.php?rest_route=\/wp\/v2\/media\/1939"}],"wp:attachment":[{"href":"http:\/\/www.kutupsogutma.net\/index.php?rest_route=%2Fwp%2Fv2%2Fmedia&parent=1938"}],"wp:term":[{"taxonomy":"product_cat","embeddable":true,"href":"http:\/\/www.kutupsogutma.net\/index.php?rest_route=%2Fwp%2Fv2%2Fproduct_cat&post=1938"},{"taxonomy":"product_tag","embeddable":true,"href":"http:\/\/www.kutupsogutma.net\/index.php?rest_route=%2Fwp%2Fv2%2Fproduct_tag&post=1938"}],"curies":[{"name":"wp","href":"https:\/\/api.w.org\/{rel}","templated":true}]}}