{"id":1935,"date":"2021-05-06T13:42:31","date_gmt":"2021-05-06T10:42:31","guid":{"rendered":"http:\/\/www.kutupsogutma.net\/?post_type=product&#038;p=1935"},"modified":"2021-05-06T13:44:20","modified_gmt":"2021-05-06T10:44:20","slug":"supurge-filtre-beyaz-hijyenik-kagit-rowenta-spg6006","status":"publish","type":"product","link":"http:\/\/www.kutupsogutma.net\/?product=supurge-filtre-beyaz-hijyenik-kagit-rowenta-spg6006","title":{"rendered":"S\u00dcP\u00dcRGE F\u0130LTRE BEYAZ H\u0130JYEN\u0130K KA\u011eIT ROWENTA SPG6006"},"content":{"rendered":"<p>S\u00dcP\u00dcRGE F\u0130LTRE BEYAZ H\u0130JYEN\u0130K KA\u011eIT ROWENTA SPG6006<\/p>\n","protected":false},"excerpt":{"rendered":"<p>S\u00dcP\u00dcRGE F\u0130LTRE BEYAZ H\u0130JYEN\u0130K KA\u011eIT ROWENTA SPG6006<\/p>\n","protected":false},"featured_media":0,"comment_status":"open","ping_status":"closed","template":"","meta":[],"product_cat":[138,25],"product_tag":[2077,2076],"_links":{"self":[{"href":"http:\/\/www.kutupsogutma.net\/index.php?rest_route=\/wp\/v2\/product\/1935"}],"collection":[{"href":"http:\/\/www.kutupsogutma.net\/index.php?rest_route=\/wp\/v2\/product"}],"about":[{"href":"http:\/\/www.kutupsogutma.net\/index.php?rest_route=\/wp\/v2\/types\/product"}],"replies":[{"embeddable":true,"href":"http:\/\/www.kutupsogutma.net\/index.php?rest_route=%2Fwp%2Fv2%2Fcomments&post=1935"}],"wp:attachment":[{"href":"http:\/\/www.kutupsogutma.net\/index.php?rest_route=%2Fwp%2Fv2%2Fmedia&parent=1935"}],"wp:term":[{"taxonomy":"product_cat","embeddable":true,"href":"http:\/\/www.kutupsogutma.net\/index.php?rest_route=%2Fwp%2Fv2%2Fproduct_cat&post=1935"},{"taxonomy":"product_tag","embeddable":true,"href":"http:\/\/www.kutupsogutma.net\/index.php?rest_route=%2Fwp%2Fv2%2Fproduct_tag&post=1935"}],"curies":[{"name":"wp","href":"https:\/\/api.w.org\/{rel}","templated":true}]}}