{"id":1933,"date":"2021-05-06T13:41:21","date_gmt":"2021-05-06T10:41:21","guid":{"rendered":"http:\/\/www.kutupsogutma.net\/?post_type=product&#038;p=1933"},"modified":"2021-05-06T13:42:25","modified_gmt":"2021-05-06T10:42:25","slug":"supurge-filtre-hepa-universal-akordiyon-spg6005","status":"publish","type":"product","link":"http:\/\/www.kutupsogutma.net\/?product=supurge-filtre-hepa-universal-akordiyon-spg6005","title":{"rendered":"S\u00dcP\u00dcRGE F\u0130LTRE HEPA UNIVERSAL AKORD\u0130YON SPG6005"},"content":{"rendered":"<p>S\u00dcP\u00dcRGE F\u0130LTRE HEPA UNIVERSAL AKORD\u0130YON SPG6005<\/p>\n","protected":false},"excerpt":{"rendered":"<p>S\u00dcP\u00dcRGE F\u0130LTRE HEPA UNIVERSAL AKORD\u0130YON SPG6005<\/p>\n","protected":false},"featured_media":1934,"comment_status":"open","ping_status":"closed","template":"","meta":[],"product_cat":[138,25],"product_tag":[2074,2075],"_links":{"self":[{"href":"http:\/\/www.kutupsogutma.net\/index.php?rest_route=\/wp\/v2\/product\/1933"}],"collection":[{"href":"http:\/\/www.kutupsogutma.net\/index.php?rest_route=\/wp\/v2\/product"}],"about":[{"href":"http:\/\/www.kutupsogutma.net\/index.php?rest_route=\/wp\/v2\/types\/product"}],"replies":[{"embeddable":true,"href":"http:\/\/www.kutupsogutma.net\/index.php?rest_route=%2Fwp%2Fv2%2Fcomments&post=1933"}],"wp:featuredmedia":[{"embeddable":true,"href":"http:\/\/www.kutupsogutma.net\/index.php?rest_route=\/wp\/v2\/media\/1934"}],"wp:attachment":[{"href":"http:\/\/www.kutupsogutma.net\/index.php?rest_route=%2Fwp%2Fv2%2Fmedia&parent=1933"}],"wp:term":[{"taxonomy":"product_cat","embeddable":true,"href":"http:\/\/www.kutupsogutma.net\/index.php?rest_route=%2Fwp%2Fv2%2Fproduct_cat&post=1933"},{"taxonomy":"product_tag","embeddable":true,"href":"http:\/\/www.kutupsogutma.net\/index.php?rest_route=%2Fwp%2Fv2%2Fproduct_tag&post=1933"}],"curies":[{"name":"wp","href":"https:\/\/api.w.org\/{rel}","templated":true}]}}