{"id":1917,"date":"2021-05-06T13:04:01","date_gmt":"2021-05-06T10:04:01","guid":{"rendered":"http:\/\/www.kutupsogutma.net\/?post_type=product&#038;p=1917"},"modified":"2021-05-06T13:05:13","modified_gmt":"2021-05-06T10:05:13","slug":"supurge-filtre-hepa-bosch-spera-28-gri-spg6019","status":"publish","type":"product","link":"http:\/\/www.kutupsogutma.net\/?product=supurge-filtre-hepa-bosch-spera-28-gri-spg6019","title":{"rendered":"S\u00dcP\u00dcRGE F\u0130LTRE HEPA BOSCH SPERA 28 GR\u0130 SPG6019"},"content":{"rendered":"<p>S\u00dcP\u00dcRGE F\u0130LTRE HEPA BOSCH SPERA 28 GR\u0130 SPG6019<\/p>\n","protected":false},"excerpt":{"rendered":"<p>S\u00dcP\u00dcRGE F\u0130LTRE HEPA BOSCH SPERA 28 GR\u0130 SPG6019<\/p>\n","protected":false},"featured_media":1918,"comment_status":"open","ping_status":"closed","template":"","meta":[],"product_cat":[138,25],"product_tag":[2057],"_links":{"self":[{"href":"http:\/\/www.kutupsogutma.net\/index.php?rest_route=\/wp\/v2\/product\/1917"}],"collection":[{"href":"http:\/\/www.kutupsogutma.net\/index.php?rest_route=\/wp\/v2\/product"}],"about":[{"href":"http:\/\/www.kutupsogutma.net\/index.php?rest_route=\/wp\/v2\/types\/product"}],"replies":[{"embeddable":true,"href":"http:\/\/www.kutupsogutma.net\/index.php?rest_route=%2Fwp%2Fv2%2Fcomments&post=1917"}],"wp:featuredmedia":[{"embeddable":true,"href":"http:\/\/www.kutupsogutma.net\/index.php?rest_route=\/wp\/v2\/media\/1918"}],"wp:attachment":[{"href":"http:\/\/www.kutupsogutma.net\/index.php?rest_route=%2Fwp%2Fv2%2Fmedia&parent=1917"}],"wp:term":[{"taxonomy":"product_cat","embeddable":true,"href":"http:\/\/www.kutupsogutma.net\/index.php?rest_route=%2Fwp%2Fv2%2Fproduct_cat&post=1917"},{"taxonomy":"product_tag","embeddable":true,"href":"http:\/\/www.kutupsogutma.net\/index.php?rest_route=%2Fwp%2Fv2%2Fproduct_tag&post=1917"}],"curies":[{"name":"wp","href":"https:\/\/api.w.org\/{rel}","templated":true}]}}