{"id":1915,"date":"2021-05-06T13:02:54","date_gmt":"2021-05-06T10:02:54","guid":{"rendered":"http:\/\/www.kutupsogutma.net\/?post_type=product&#038;p=1915"},"modified":"2021-05-06T13:03:55","modified_gmt":"2021-05-06T10:03:55","slug":"supurge-filtre-hepa-bosch-4330-gri-kalin-spg6018","status":"publish","type":"product","link":"http:\/\/www.kutupsogutma.net\/?product=supurge-filtre-hepa-bosch-4330-gri-kalin-spg6018","title":{"rendered":"S\u00dcP\u00dcRGE F\u0130LTRE HEPA BOSCH 4330 GR\u0130 KALIN SPG6018"},"content":{"rendered":"<p>S\u00dcP\u00dcRGE F\u0130LTRE HEPA BOSCH 4330 GR\u0130 KALIN SPG6018<\/p>\n","protected":false},"excerpt":{"rendered":"<p>S\u00dcP\u00dcRGE F\u0130LTRE HEPA BOSCH 4330 GR\u0130 KALIN SPG6018<\/p>\n","protected":false},"featured_media":1916,"comment_status":"open","ping_status":"closed","template":"","meta":[],"product_cat":[138,25],"product_tag":[2056,2055],"_links":{"self":[{"href":"http:\/\/www.kutupsogutma.net\/index.php?rest_route=\/wp\/v2\/product\/1915"}],"collection":[{"href":"http:\/\/www.kutupsogutma.net\/index.php?rest_route=\/wp\/v2\/product"}],"about":[{"href":"http:\/\/www.kutupsogutma.net\/index.php?rest_route=\/wp\/v2\/types\/product"}],"replies":[{"embeddable":true,"href":"http:\/\/www.kutupsogutma.net\/index.php?rest_route=%2Fwp%2Fv2%2Fcomments&post=1915"}],"wp:featuredmedia":[{"embeddable":true,"href":"http:\/\/www.kutupsogutma.net\/index.php?rest_route=\/wp\/v2\/media\/1916"}],"wp:attachment":[{"href":"http:\/\/www.kutupsogutma.net\/index.php?rest_route=%2Fwp%2Fv2%2Fmedia&parent=1915"}],"wp:term":[{"taxonomy":"product_cat","embeddable":true,"href":"http:\/\/www.kutupsogutma.net\/index.php?rest_route=%2Fwp%2Fv2%2Fproduct_cat&post=1915"},{"taxonomy":"product_tag","embeddable":true,"href":"http:\/\/www.kutupsogutma.net\/index.php?rest_route=%2Fwp%2Fv2%2Fproduct_tag&post=1915"}],"curies":[{"name":"wp","href":"https:\/\/api.w.org\/{rel}","templated":true}]}}