{"id":1913,"date":"2021-05-06T13:01:56","date_gmt":"2021-05-06T10:01:56","guid":{"rendered":"http:\/\/www.kutupsogutma.net\/?post_type=product&#038;p=1913"},"modified":"2021-05-06T13:02:47","modified_gmt":"2021-05-06T10:02:47","slug":"supurge-filtre-hepa-arnica-tesla-siyah-spg6016","status":"publish","type":"product","link":"http:\/\/www.kutupsogutma.net\/?product=supurge-filtre-hepa-arnica-tesla-siyah-spg6016","title":{"rendered":"S\u00dcP\u00dcRGE F\u0130LTRE HEPA ARN\u0130CA TESLA S\u0130YAH SPG6016"},"content":{"rendered":"<p>S\u00dcP\u00dcRGE F\u0130LTRE HEPA ARN\u0130CA TESLA S\u0130YAH SPG6016<\/p>\n","protected":false},"excerpt":{"rendered":"<p>S\u00dcP\u00dcRGE F\u0130LTRE HEPA ARN\u0130CA TESLA S\u0130YAH SPG6016<\/p>\n","protected":false},"featured_media":1914,"comment_status":"open","ping_status":"closed","template":"","meta":[],"product_cat":[138,25],"product_tag":[2054,2053],"_links":{"self":[{"href":"http:\/\/www.kutupsogutma.net\/index.php?rest_route=\/wp\/v2\/product\/1913"}],"collection":[{"href":"http:\/\/www.kutupsogutma.net\/index.php?rest_route=\/wp\/v2\/product"}],"about":[{"href":"http:\/\/www.kutupsogutma.net\/index.php?rest_route=\/wp\/v2\/types\/product"}],"replies":[{"embeddable":true,"href":"http:\/\/www.kutupsogutma.net\/index.php?rest_route=%2Fwp%2Fv2%2Fcomments&post=1913"}],"wp:featuredmedia":[{"embeddable":true,"href":"http:\/\/www.kutupsogutma.net\/index.php?rest_route=\/wp\/v2\/media\/1914"}],"wp:attachment":[{"href":"http:\/\/www.kutupsogutma.net\/index.php?rest_route=%2Fwp%2Fv2%2Fmedia&parent=1913"}],"wp:term":[{"taxonomy":"product_cat","embeddable":true,"href":"http:\/\/www.kutupsogutma.net\/index.php?rest_route=%2Fwp%2Fv2%2Fproduct_cat&post=1913"},{"taxonomy":"product_tag","embeddable":true,"href":"http:\/\/www.kutupsogutma.net\/index.php?rest_route=%2Fwp%2Fv2%2Fproduct_tag&post=1913"}],"curies":[{"name":"wp","href":"https:\/\/api.w.org\/{rel}","templated":true}]}}