{"id":1909,"date":"2021-05-06T11:41:17","date_gmt":"2021-05-06T08:41:17","guid":{"rendered":"http:\/\/www.kutupsogutma.net\/?post_type=product&#038;p=1909"},"modified":"2021-05-06T11:42:57","modified_gmt":"2021-05-06T08:42:57","slug":"supurge-filtre-hepa-philips-marathon-silindir-spg6014","status":"publish","type":"product","link":"http:\/\/www.kutupsogutma.net\/?product=supurge-filtre-hepa-philips-marathon-silindir-spg6014","title":{"rendered":"S\u00dcP\u00dcRGE F\u0130LTRE HEPA PHILIPS MARATHON S\u0130L\u0130ND\u0130R SPG6014"},"content":{"rendered":"<p>S\u00dcP\u00dcRGE F\u0130LTRE HEPA PHILIPS MARATHON S\u0130L\u0130ND\u0130R SPG6014<\/p>\n","protected":false},"excerpt":{"rendered":"<p>S\u00dcP\u00dcRGE F\u0130LTRE HEPA PHILIPS MARATHON S\u0130L\u0130ND\u0130R SPG6014<\/p>\n","protected":false},"featured_media":1910,"comment_status":"open","ping_status":"closed","template":"","meta":[],"product_cat":[138,25],"product_tag":[2050,2049],"_links":{"self":[{"href":"http:\/\/www.kutupsogutma.net\/index.php?rest_route=\/wp\/v2\/product\/1909"}],"collection":[{"href":"http:\/\/www.kutupsogutma.net\/index.php?rest_route=\/wp\/v2\/product"}],"about":[{"href":"http:\/\/www.kutupsogutma.net\/index.php?rest_route=\/wp\/v2\/types\/product"}],"replies":[{"embeddable":true,"href":"http:\/\/www.kutupsogutma.net\/index.php?rest_route=%2Fwp%2Fv2%2Fcomments&post=1909"}],"wp:featuredmedia":[{"embeddable":true,"href":"http:\/\/www.kutupsogutma.net\/index.php?rest_route=\/wp\/v2\/media\/1910"}],"wp:attachment":[{"href":"http:\/\/www.kutupsogutma.net\/index.php?rest_route=%2Fwp%2Fv2%2Fmedia&parent=1909"}],"wp:term":[{"taxonomy":"product_cat","embeddable":true,"href":"http:\/\/www.kutupsogutma.net\/index.php?rest_route=%2Fwp%2Fv2%2Fproduct_cat&post=1909"},{"taxonomy":"product_tag","embeddable":true,"href":"http:\/\/www.kutupsogutma.net\/index.php?rest_route=%2Fwp%2Fv2%2Fproduct_tag&post=1909"}],"curies":[{"name":"wp","href":"https:\/\/api.w.org\/{rel}","templated":true}]}}