{"id":1901,"date":"2021-05-06T11:32:48","date_gmt":"2021-05-06T08:32:48","guid":{"rendered":"http:\/\/www.kutupsogutma.net\/?post_type=product&#038;p=1901"},"modified":"2021-05-06T11:33:49","modified_gmt":"2021-05-06T08:33:49","slug":"supurge-filtre-hepa-philips-gri-silindir-spg6002","status":"publish","type":"product","link":"http:\/\/www.kutupsogutma.net\/?product=supurge-filtre-hepa-philips-gri-silindir-spg6002","title":{"rendered":"S\u00dcP\u00dcRGE F\u0130LTRE HEPA PH\u0130L\u0130PS GR\u0130 S\u0130L\u0130ND\u0130R SPG6002"},"content":{"rendered":"<p>S\u00dcP\u00dcRGE F\u0130LTRE HEPA PH\u0130L\u0130PS GR\u0130 S\u0130L\u0130ND\u0130R SPG6002<\/p>\n","protected":false},"excerpt":{"rendered":"<p>S\u00dcP\u00dcRGE F\u0130LTRE HEPA PH\u0130L\u0130PS GR\u0130 S\u0130L\u0130ND\u0130R SPG6002<\/p>\n","protected":false},"featured_media":1902,"comment_status":"open","ping_status":"closed","template":"","meta":[],"product_cat":[138,25],"product_tag":[2040],"_links":{"self":[{"href":"http:\/\/www.kutupsogutma.net\/index.php?rest_route=\/wp\/v2\/product\/1901"}],"collection":[{"href":"http:\/\/www.kutupsogutma.net\/index.php?rest_route=\/wp\/v2\/product"}],"about":[{"href":"http:\/\/www.kutupsogutma.net\/index.php?rest_route=\/wp\/v2\/types\/product"}],"replies":[{"embeddable":true,"href":"http:\/\/www.kutupsogutma.net\/index.php?rest_route=%2Fwp%2Fv2%2Fcomments&post=1901"}],"wp:featuredmedia":[{"embeddable":true,"href":"http:\/\/www.kutupsogutma.net\/index.php?rest_route=\/wp\/v2\/media\/1902"}],"wp:attachment":[{"href":"http:\/\/www.kutupsogutma.net\/index.php?rest_route=%2Fwp%2Fv2%2Fmedia&parent=1901"}],"wp:term":[{"taxonomy":"product_cat","embeddable":true,"href":"http:\/\/www.kutupsogutma.net\/index.php?rest_route=%2Fwp%2Fv2%2Fproduct_cat&post=1901"},{"taxonomy":"product_tag","embeddable":true,"href":"http:\/\/www.kutupsogutma.net\/index.php?rest_route=%2Fwp%2Fv2%2Fproduct_tag&post=1901"}],"curies":[{"name":"wp","href":"https:\/\/api.w.org\/{rel}","templated":true}]}}