{"id":1899,"date":"2021-05-06T11:29:37","date_gmt":"2021-05-06T08:29:37","guid":{"rendered":"http:\/\/www.kutupsogutma.net\/?post_type=product&#038;p=1899"},"modified":"2021-05-06T11:32:31","modified_gmt":"2021-05-06T08:32:31","slug":"supurge-filtre-hepa-arnica-bora-beyaz-silindir-spg6001","status":"publish","type":"product","link":"http:\/\/www.kutupsogutma.net\/?product=supurge-filtre-hepa-arnica-bora-beyaz-silindir-spg6001","title":{"rendered":"S\u00dcP\u00dcRGE F\u0130LTRE HEPA ARN\u0130CA BORA BEYAZ S\u0130L\u0130ND\u0130R SPG6001"},"content":{"rendered":"<p>S\u00dcP\u00dcRGE F\u0130LTRE HEPA ARN\u0130CA BORA BEYAZ S\u0130L\u0130ND\u0130R SPG6001<\/p>\n","protected":false},"excerpt":{"rendered":"<p>S\u00dcP\u00dcRGE F\u0130LTRE HEPA ARN\u0130CA BORA BEYAZ S\u0130L\u0130ND\u0130R SPG6001<\/p>\n","protected":false},"featured_media":1900,"comment_status":"open","ping_status":"closed","template":"","meta":[],"product_cat":[138,25],"product_tag":[2039,2038],"_links":{"self":[{"href":"http:\/\/www.kutupsogutma.net\/index.php?rest_route=\/wp\/v2\/product\/1899"}],"collection":[{"href":"http:\/\/www.kutupsogutma.net\/index.php?rest_route=\/wp\/v2\/product"}],"about":[{"href":"http:\/\/www.kutupsogutma.net\/index.php?rest_route=\/wp\/v2\/types\/product"}],"replies":[{"embeddable":true,"href":"http:\/\/www.kutupsogutma.net\/index.php?rest_route=%2Fwp%2Fv2%2Fcomments&post=1899"}],"wp:featuredmedia":[{"embeddable":true,"href":"http:\/\/www.kutupsogutma.net\/index.php?rest_route=\/wp\/v2\/media\/1900"}],"wp:attachment":[{"href":"http:\/\/www.kutupsogutma.net\/index.php?rest_route=%2Fwp%2Fv2%2Fmedia&parent=1899"}],"wp:term":[{"taxonomy":"product_cat","embeddable":true,"href":"http:\/\/www.kutupsogutma.net\/index.php?rest_route=%2Fwp%2Fv2%2Fproduct_cat&post=1899"},{"taxonomy":"product_tag","embeddable":true,"href":"http:\/\/www.kutupsogutma.net\/index.php?rest_route=%2Fwp%2Fv2%2Fproduct_tag&post=1899"}],"curies":[{"name":"wp","href":"https:\/\/api.w.org\/{rel}","templated":true}]}}