{"id":1897,"date":"2021-05-06T11:28:06","date_gmt":"2021-05-06T08:28:06","guid":{"rendered":"http:\/\/www.kutupsogutma.net\/?post_type=product&#038;p=1897"},"modified":"2021-05-06T11:29:27","modified_gmt":"2021-05-06T08:29:27","slug":"supurge-filtre-hepa-arcelik-siyah-beyaz-silindir-spg6000","status":"publish","type":"product","link":"http:\/\/www.kutupsogutma.net\/?product=supurge-filtre-hepa-arcelik-siyah-beyaz-silindir-spg6000","title":{"rendered":"S\u00dcP\u00dcRGE F\u0130LTRE HEPA AR\u00c7EL\u0130K S\u0130YAH BEYAZ S\u0130L\u0130ND\u0130R SPG6000"},"content":{"rendered":"<p>S\u00dcP\u00dcRGE F\u0130LTRE HEPA AR\u00c7EL\u0130K S\u0130YAH BEYAZ S\u0130L\u0130ND\u0130R SPG6000<\/p>\n","protected":false},"excerpt":{"rendered":"<p>S\u00dcP\u00dcRGE F\u0130LTRE HEPA AR\u00c7EL\u0130K S\u0130YAH BEYAZ S\u0130L\u0130ND\u0130R SPG6000<\/p>\n","protected":false},"featured_media":1898,"comment_status":"open","ping_status":"closed","template":"","meta":[],"product_cat":[138,25],"product_tag":[2037,2036],"_links":{"self":[{"href":"http:\/\/www.kutupsogutma.net\/index.php?rest_route=\/wp\/v2\/product\/1897"}],"collection":[{"href":"http:\/\/www.kutupsogutma.net\/index.php?rest_route=\/wp\/v2\/product"}],"about":[{"href":"http:\/\/www.kutupsogutma.net\/index.php?rest_route=\/wp\/v2\/types\/product"}],"replies":[{"embeddable":true,"href":"http:\/\/www.kutupsogutma.net\/index.php?rest_route=%2Fwp%2Fv2%2Fcomments&post=1897"}],"wp:featuredmedia":[{"embeddable":true,"href":"http:\/\/www.kutupsogutma.net\/index.php?rest_route=\/wp\/v2\/media\/1898"}],"wp:attachment":[{"href":"http:\/\/www.kutupsogutma.net\/index.php?rest_route=%2Fwp%2Fv2%2Fmedia&parent=1897"}],"wp:term":[{"taxonomy":"product_cat","embeddable":true,"href":"http:\/\/www.kutupsogutma.net\/index.php?rest_route=%2Fwp%2Fv2%2Fproduct_cat&post=1897"},{"taxonomy":"product_tag","embeddable":true,"href":"http:\/\/www.kutupsogutma.net\/index.php?rest_route=%2Fwp%2Fv2%2Fproduct_tag&post=1897"}],"curies":[{"name":"wp","href":"https:\/\/api.w.org\/{rel}","templated":true}]}}