{"id":1895,"date":"2021-05-06T11:26:40","date_gmt":"2021-05-06T08:26:40","guid":{"rendered":"http:\/\/www.kutupsogutma.net\/?post_type=product&#038;p=1895"},"modified":"2021-05-06T11:28:00","modified_gmt":"2021-05-06T08:28:00","slug":"supurge-toz-torba-tutucu-kizak-arcelik-9193015014-spg5002","status":"publish","type":"product","link":"http:\/\/www.kutupsogutma.net\/?product=supurge-toz-torba-tutucu-kizak-arcelik-9193015014-spg5002","title":{"rendered":"S\u00dcP\u00dcRGE TOZ TORBA TUTUCU KIZAK AR\u00c7EL\u0130K 9193015014 SPG5002"},"content":{"rendered":"<p>S\u00dcP\u00dcRGE TOZ TORBA TUTUCU KIZAK AR\u00c7EL\u0130K 9193015014 SPG5002<\/p>\n","protected":false},"excerpt":{"rendered":"<p>S\u00dcP\u00dcRGE TOZ TORBA TUTUCU KIZAK AR\u00c7EL\u0130K 9193015014 SPG5002<\/p>\n","protected":false},"featured_media":1896,"comment_status":"open","ping_status":"closed","template":"","meta":[],"product_cat":[137,25],"product_tag":[2035,2034],"_links":{"self":[{"href":"http:\/\/www.kutupsogutma.net\/index.php?rest_route=\/wp\/v2\/product\/1895"}],"collection":[{"href":"http:\/\/www.kutupsogutma.net\/index.php?rest_route=\/wp\/v2\/product"}],"about":[{"href":"http:\/\/www.kutupsogutma.net\/index.php?rest_route=\/wp\/v2\/types\/product"}],"replies":[{"embeddable":true,"href":"http:\/\/www.kutupsogutma.net\/index.php?rest_route=%2Fwp%2Fv2%2Fcomments&post=1895"}],"wp:featuredmedia":[{"embeddable":true,"href":"http:\/\/www.kutupsogutma.net\/index.php?rest_route=\/wp\/v2\/media\/1896"}],"wp:attachment":[{"href":"http:\/\/www.kutupsogutma.net\/index.php?rest_route=%2Fwp%2Fv2%2Fmedia&parent=1895"}],"wp:term":[{"taxonomy":"product_cat","embeddable":true,"href":"http:\/\/www.kutupsogutma.net\/index.php?rest_route=%2Fwp%2Fv2%2Fproduct_cat&post=1895"},{"taxonomy":"product_tag","embeddable":true,"href":"http:\/\/www.kutupsogutma.net\/index.php?rest_route=%2Fwp%2Fv2%2Fproduct_tag&post=1895"}],"curies":[{"name":"wp","href":"https:\/\/api.w.org\/{rel}","templated":true}]}}