{"id":1877,"date":"2021-05-06T11:14:31","date_gmt":"2021-05-06T08:14:31","guid":{"rendered":"http:\/\/www.kutupsogutma.net\/?post_type=product&#038;p=1877"},"modified":"2021-05-06T11:17:16","modified_gmt":"2021-05-06T08:17:16","slug":"supurge-sapi-kulp-rowenta-yesil-c-tipi-spg3027","status":"publish","type":"product","link":"http:\/\/www.kutupsogutma.net\/?product=supurge-sapi-kulp-rowenta-yesil-c-tipi-spg3027","title":{"rendered":"S\u00dcP\u00dcRGE SAPI KULP ROWENTA YE\u015e\u0130L C T\u0130P\u0130 SPG3027"},"content":{"rendered":"<p>S\u00dcP\u00dcRGE SAPI KULP ROWENTA YE\u015e\u0130L C T\u0130P\u0130 SPG3027<\/p>\n","protected":false},"excerpt":{"rendered":"<p>S\u00dcP\u00dcRGE SAPI KULP ROWENTA YE\u015e\u0130L C T\u0130P\u0130 SPG3027<\/p>\n","protected":false},"featured_media":1878,"comment_status":"open","ping_status":"closed","template":"","meta":[],"product_cat":[136,25],"product_tag":[2022,2021],"_links":{"self":[{"href":"http:\/\/www.kutupsogutma.net\/index.php?rest_route=\/wp\/v2\/product\/1877"}],"collection":[{"href":"http:\/\/www.kutupsogutma.net\/index.php?rest_route=\/wp\/v2\/product"}],"about":[{"href":"http:\/\/www.kutupsogutma.net\/index.php?rest_route=\/wp\/v2\/types\/product"}],"replies":[{"embeddable":true,"href":"http:\/\/www.kutupsogutma.net\/index.php?rest_route=%2Fwp%2Fv2%2Fcomments&post=1877"}],"wp:featuredmedia":[{"embeddable":true,"href":"http:\/\/www.kutupsogutma.net\/index.php?rest_route=\/wp\/v2\/media\/1878"}],"wp:attachment":[{"href":"http:\/\/www.kutupsogutma.net\/index.php?rest_route=%2Fwp%2Fv2%2Fmedia&parent=1877"}],"wp:term":[{"taxonomy":"product_cat","embeddable":true,"href":"http:\/\/www.kutupsogutma.net\/index.php?rest_route=%2Fwp%2Fv2%2Fproduct_cat&post=1877"},{"taxonomy":"product_tag","embeddable":true,"href":"http:\/\/www.kutupsogutma.net\/index.php?rest_route=%2Fwp%2Fv2%2Fproduct_tag&post=1877"}],"curies":[{"name":"wp","href":"https:\/\/api.w.org\/{rel}","templated":true}]}}