{"id":1867,"date":"2021-05-06T11:05:56","date_gmt":"2021-05-06T08:05:56","guid":{"rendered":"http:\/\/www.kutupsogutma.net\/?post_type=product&#038;p=1867"},"modified":"2021-05-06T11:07:17","modified_gmt":"2021-05-06T08:07:17","slug":"supurge-borusu-arcelik-rowenta-siyah-plastik-dar-baslik-32mm-spg3022","status":"publish","type":"product","link":"http:\/\/www.kutupsogutma.net\/?product=supurge-borusu-arcelik-rowenta-siyah-plastik-dar-baslik-32mm-spg3022","title":{"rendered":"S\u00dcP\u00dcRGE BORUSU AR\u00c7EL\u0130K-ROWENTA S\u0130YAH PLAST\u0130K DAR BA\u015eLIK 32MM SPG3022"},"content":{"rendered":"<p>S\u00dcP\u00dcRGE BORUSU AR\u00c7EL\u0130K-ROWENTA S\u0130YAH PLAST\u0130K DAR BA\u015eLIK SPG3022<\/p>\n","protected":false},"excerpt":{"rendered":"<p>S\u00dcP\u00dcRGE BORUSU AR\u00c7EL\u0130K-ROWENTA S\u0130YAH PLAST\u0130K DAR BA\u015eLIK SPG3022<\/p>\n","protected":false},"featured_media":1868,"comment_status":"open","ping_status":"closed","template":"","meta":[],"product_cat":[135,25],"product_tag":[2005,2004,2002,2006],"_links":{"self":[{"href":"http:\/\/www.kutupsogutma.net\/index.php?rest_route=\/wp\/v2\/product\/1867"}],"collection":[{"href":"http:\/\/www.kutupsogutma.net\/index.php?rest_route=\/wp\/v2\/product"}],"about":[{"href":"http:\/\/www.kutupsogutma.net\/index.php?rest_route=\/wp\/v2\/types\/product"}],"replies":[{"embeddable":true,"href":"http:\/\/www.kutupsogutma.net\/index.php?rest_route=%2Fwp%2Fv2%2Fcomments&post=1867"}],"wp:featuredmedia":[{"embeddable":true,"href":"http:\/\/www.kutupsogutma.net\/index.php?rest_route=\/wp\/v2\/media\/1868"}],"wp:attachment":[{"href":"http:\/\/www.kutupsogutma.net\/index.php?rest_route=%2Fwp%2Fv2%2Fmedia&parent=1867"}],"wp:term":[{"taxonomy":"product_cat","embeddable":true,"href":"http:\/\/www.kutupsogutma.net\/index.php?rest_route=%2Fwp%2Fv2%2Fproduct_cat&post=1867"},{"taxonomy":"product_tag","embeddable":true,"href":"http:\/\/www.kutupsogutma.net\/index.php?rest_route=%2Fwp%2Fv2%2Fproduct_tag&post=1867"}],"curies":[{"name":"wp","href":"https:\/\/api.w.org\/{rel}","templated":true}]}}