{"id":1865,"date":"2021-05-06T10:27:59","date_gmt":"2021-05-06T07:27:59","guid":{"rendered":"http:\/\/www.kutupsogutma.net\/?post_type=product&#038;p=1865"},"modified":"2021-05-06T11:05:50","modified_gmt":"2021-05-06T08:05:50","slug":"supurge-borusu-aeg-gri-plastik-genis-baslik-35mm-spg3021","status":"publish","type":"product","link":"http:\/\/www.kutupsogutma.net\/?product=supurge-borusu-aeg-gri-plastik-genis-baslik-35mm-spg3021","title":{"rendered":"S\u00dcP\u00dcRGE BORUSU AEG GR\u0130 PLAST\u0130K GEN\u0130\u015e BA\u015eLIK 35MM SPG3021"},"content":{"rendered":"<p>S\u00dcP\u00dcRGE BORUSU AEG GR\u0130 PLAST\u0130K GEN\u0130\u015e BA\u015eLIK SPG3021<\/p>\n","protected":false},"excerpt":{"rendered":"<p>S\u00dcP\u00dcRGE BORUSU AEG GR\u0130 PLAST\u0130K GEN\u0130\u015e BA\u015eLIK SPG3021<\/p>\n","protected":false},"featured_media":1866,"comment_status":"open","ping_status":"closed","template":"","meta":[],"product_cat":[135,25],"product_tag":[1998,2003,2004,2000,2002,2001,1999,1997],"_links":{"self":[{"href":"http:\/\/www.kutupsogutma.net\/index.php?rest_route=\/wp\/v2\/product\/1865"}],"collection":[{"href":"http:\/\/www.kutupsogutma.net\/index.php?rest_route=\/wp\/v2\/product"}],"about":[{"href":"http:\/\/www.kutupsogutma.net\/index.php?rest_route=\/wp\/v2\/types\/product"}],"replies":[{"embeddable":true,"href":"http:\/\/www.kutupsogutma.net\/index.php?rest_route=%2Fwp%2Fv2%2Fcomments&post=1865"}],"wp:featuredmedia":[{"embeddable":true,"href":"http:\/\/www.kutupsogutma.net\/index.php?rest_route=\/wp\/v2\/media\/1866"}],"wp:attachment":[{"href":"http:\/\/www.kutupsogutma.net\/index.php?rest_route=%2Fwp%2Fv2%2Fmedia&parent=1865"}],"wp:term":[{"taxonomy":"product_cat","embeddable":true,"href":"http:\/\/www.kutupsogutma.net\/index.php?rest_route=%2Fwp%2Fv2%2Fproduct_cat&post=1865"},{"taxonomy":"product_tag","embeddable":true,"href":"http:\/\/www.kutupsogutma.net\/index.php?rest_route=%2Fwp%2Fv2%2Fproduct_tag&post=1865"}],"curies":[{"name":"wp","href":"https:\/\/api.w.org\/{rel}","templated":true}]}}