{"id":1863,"date":"2021-05-06T10:25:32","date_gmt":"2021-05-06T07:25:32","guid":{"rendered":"http:\/\/www.kutupsogutma.net\/?post_type=product&#038;p=1863"},"modified":"2021-05-06T10:30:33","modified_gmt":"2021-05-06T07:30:33","slug":"supurge-borusu-bosch-aeg-teleskobik-celik-genis-baslik-spg3020","status":"publish","type":"product","link":"http:\/\/www.kutupsogutma.net\/?product=supurge-borusu-bosch-aeg-teleskobik-celik-genis-baslik-spg3020","title":{"rendered":"S\u00dcP\u00dcRGE BORUSU BOSCH-AEG TELESKOB\u0130K \u00c7EL\u0130K GEN\u0130\u015e BA\u015eLIK 35MM SPG3020"},"content":{"rendered":"<p>S\u00dcP\u00dcRGE BORUSU BOSCH-AEG TELESKOB\u0130K \u00c7EL\u0130K GEN\u0130\u015e BA\u015eLIK SPG3020<\/p>\n","protected":false},"excerpt":{"rendered":"<p>S\u00dcP\u00dcRGE BORUSU BOSCH-AEG TELESKOB\u0130K \u00c7EL\u0130K GEN\u0130\u015e BA\u015eLIK SPG3020<\/p>\n","protected":false},"featured_media":1864,"comment_status":"open","ping_status":"closed","template":"","meta":[],"product_cat":[135,25],"product_tag":[1996,1993,1992,1995,1994,1990,1991],"_links":{"self":[{"href":"http:\/\/www.kutupsogutma.net\/index.php?rest_route=\/wp\/v2\/product\/1863"}],"collection":[{"href":"http:\/\/www.kutupsogutma.net\/index.php?rest_route=\/wp\/v2\/product"}],"about":[{"href":"http:\/\/www.kutupsogutma.net\/index.php?rest_route=\/wp\/v2\/types\/product"}],"replies":[{"embeddable":true,"href":"http:\/\/www.kutupsogutma.net\/index.php?rest_route=%2Fwp%2Fv2%2Fcomments&post=1863"}],"wp:featuredmedia":[{"embeddable":true,"href":"http:\/\/www.kutupsogutma.net\/index.php?rest_route=\/wp\/v2\/media\/1864"}],"wp:attachment":[{"href":"http:\/\/www.kutupsogutma.net\/index.php?rest_route=%2Fwp%2Fv2%2Fmedia&parent=1863"}],"wp:term":[{"taxonomy":"product_cat","embeddable":true,"href":"http:\/\/www.kutupsogutma.net\/index.php?rest_route=%2Fwp%2Fv2%2Fproduct_cat&post=1863"},{"taxonomy":"product_tag","embeddable":true,"href":"http:\/\/www.kutupsogutma.net\/index.php?rest_route=%2Fwp%2Fv2%2Fproduct_tag&post=1863"}],"curies":[{"name":"wp","href":"https:\/\/api.w.org\/{rel}","templated":true}]}}