{"id":1861,"date":"2021-05-06T10:22:14","date_gmt":"2021-05-06T07:22:14","guid":{"rendered":"http:\/\/www.kutupsogutma.net\/?post_type=product&#038;p=1861"},"modified":"2021-05-06T10:25:22","modified_gmt":"2021-05-06T07:25:22","slug":"supurge-borusu-arcelik-rowenta-teleskobik-celik-dar-baslik-32mm-spg3019","status":"publish","type":"product","link":"http:\/\/www.kutupsogutma.net\/?product=supurge-borusu-arcelik-rowenta-teleskobik-celik-dar-baslik-32mm-spg3019","title":{"rendered":"S\u00dcP\u00dcRGE BORUSU AR\u00c7EL\u0130K-ROWENTA TELESKOB\u0130K \u00c7EL\u0130K DAR BA\u015eLIK 32MM SPG3019"},"content":{"rendered":"<p>S\u00dcP\u00dcRGE BORUSU AR\u00c7EL\u0130K-ROWENTA TELESKOB\u0130K \u00c7EL\u0130K DAR BA\u015eLIK SPG3019<\/p>\n","protected":false},"excerpt":{"rendered":"<p>S\u00dcP\u00dcRGE BORUSU AR\u00c7EL\u0130K-ROWENTA TELESKOB\u0130K \u00c7EL\u0130K DAR BA\u015eLIK SPG3019<\/p>\n","protected":false},"featured_media":1862,"comment_status":"open","ping_status":"closed","template":"","meta":[],"product_cat":[135,25],"product_tag":[1986,1989,1987,1988],"_links":{"self":[{"href":"http:\/\/www.kutupsogutma.net\/index.php?rest_route=\/wp\/v2\/product\/1861"}],"collection":[{"href":"http:\/\/www.kutupsogutma.net\/index.php?rest_route=\/wp\/v2\/product"}],"about":[{"href":"http:\/\/www.kutupsogutma.net\/index.php?rest_route=\/wp\/v2\/types\/product"}],"replies":[{"embeddable":true,"href":"http:\/\/www.kutupsogutma.net\/index.php?rest_route=%2Fwp%2Fv2%2Fcomments&post=1861"}],"wp:featuredmedia":[{"embeddable":true,"href":"http:\/\/www.kutupsogutma.net\/index.php?rest_route=\/wp\/v2\/media\/1862"}],"wp:attachment":[{"href":"http:\/\/www.kutupsogutma.net\/index.php?rest_route=%2Fwp%2Fv2%2Fmedia&parent=1861"}],"wp:term":[{"taxonomy":"product_cat","embeddable":true,"href":"http:\/\/www.kutupsogutma.net\/index.php?rest_route=%2Fwp%2Fv2%2Fproduct_cat&post=1861"},{"taxonomy":"product_tag","embeddable":true,"href":"http:\/\/www.kutupsogutma.net\/index.php?rest_route=%2Fwp%2Fv2%2Fproduct_tag&post=1861"}],"curies":[{"name":"wp","href":"https:\/\/api.w.org\/{rel}","templated":true}]}}