{"id":1857,"date":"2021-05-06T10:17:57","date_gmt":"2021-05-06T07:17:57","guid":{"rendered":"http:\/\/www.kutupsogutma.net\/?post_type=product&#038;p=1857"},"modified":"2021-05-06T10:19:08","modified_gmt":"2021-05-06T07:19:08","slug":"supurge-hortum-sinbo-arzum-spg3017","status":"publish","type":"product","link":"http:\/\/www.kutupsogutma.net\/?product=supurge-hortum-sinbo-arzum-spg3017","title":{"rendered":"S\u00dcP\u00dcRGE HORTUM S\u0130NBO-ARZUM SPG3017"},"content":{"rendered":"<p>S\u00dcP\u00dcRGE HORTUM S\u0130NBO-ARZUM SPG3017<\/p>\n","protected":false},"excerpt":{"rendered":"<p>S\u00dcP\u00dcRGE HORTUM S\u0130NBO-ARZUM SPG3017<\/p>\n","protected":false},"featured_media":1858,"comment_status":"open","ping_status":"closed","template":"","meta":[],"product_cat":[135,25],"product_tag":[1983,1982,1981,1980],"_links":{"self":[{"href":"http:\/\/www.kutupsogutma.net\/index.php?rest_route=\/wp\/v2\/product\/1857"}],"collection":[{"href":"http:\/\/www.kutupsogutma.net\/index.php?rest_route=\/wp\/v2\/product"}],"about":[{"href":"http:\/\/www.kutupsogutma.net\/index.php?rest_route=\/wp\/v2\/types\/product"}],"replies":[{"embeddable":true,"href":"http:\/\/www.kutupsogutma.net\/index.php?rest_route=%2Fwp%2Fv2%2Fcomments&post=1857"}],"wp:featuredmedia":[{"embeddable":true,"href":"http:\/\/www.kutupsogutma.net\/index.php?rest_route=\/wp\/v2\/media\/1858"}],"wp:attachment":[{"href":"http:\/\/www.kutupsogutma.net\/index.php?rest_route=%2Fwp%2Fv2%2Fmedia&parent=1857"}],"wp:term":[{"taxonomy":"product_cat","embeddable":true,"href":"http:\/\/www.kutupsogutma.net\/index.php?rest_route=%2Fwp%2Fv2%2Fproduct_cat&post=1857"},{"taxonomy":"product_tag","embeddable":true,"href":"http:\/\/www.kutupsogutma.net\/index.php?rest_route=%2Fwp%2Fv2%2Fproduct_tag&post=1857"}],"curies":[{"name":"wp","href":"https:\/\/api.w.org\/{rel}","templated":true}]}}