{"id":1851,"date":"2021-05-06T10:13:00","date_gmt":"2021-05-06T07:13:00","guid":{"rendered":"http:\/\/www.kutupsogutma.net\/?post_type=product&#038;p=1851"},"modified":"2021-05-06T10:15:23","modified_gmt":"2021-05-06T07:15:23","slug":"supurge-hortum-fakir-yuksek-spg3015","status":"publish","type":"product","link":"http:\/\/www.kutupsogutma.net\/?product=supurge-hortum-fakir-yuksek-spg3015","title":{"rendered":"S\u00dcP\u00dcRGE HORTUM FAK\u0130R Y\u00dcKSEK SPG3015"},"content":{"rendered":"<p>S\u00dcP\u00dcRGE HORTUM FAK\u0130R Y\u00dcKSEK SPG3015<\/p>\n","protected":false},"excerpt":{"rendered":"<p>S\u00dcP\u00dcRGE HORTUM FAK\u0130R Y\u00dcKSEK SPG3015<\/p>\n","protected":false},"featured_media":1852,"comment_status":"open","ping_status":"closed","template":"","meta":[],"product_cat":[135,25],"product_tag":[1975,1974,1973],"_links":{"self":[{"href":"http:\/\/www.kutupsogutma.net\/index.php?rest_route=\/wp\/v2\/product\/1851"}],"collection":[{"href":"http:\/\/www.kutupsogutma.net\/index.php?rest_route=\/wp\/v2\/product"}],"about":[{"href":"http:\/\/www.kutupsogutma.net\/index.php?rest_route=\/wp\/v2\/types\/product"}],"replies":[{"embeddable":true,"href":"http:\/\/www.kutupsogutma.net\/index.php?rest_route=%2Fwp%2Fv2%2Fcomments&post=1851"}],"wp:featuredmedia":[{"embeddable":true,"href":"http:\/\/www.kutupsogutma.net\/index.php?rest_route=\/wp\/v2\/media\/1852"}],"wp:attachment":[{"href":"http:\/\/www.kutupsogutma.net\/index.php?rest_route=%2Fwp%2Fv2%2Fmedia&parent=1851"}],"wp:term":[{"taxonomy":"product_cat","embeddable":true,"href":"http:\/\/www.kutupsogutma.net\/index.php?rest_route=%2Fwp%2Fv2%2Fproduct_cat&post=1851"},{"taxonomy":"product_tag","embeddable":true,"href":"http:\/\/www.kutupsogutma.net\/index.php?rest_route=%2Fwp%2Fv2%2Fproduct_tag&post=1851"}],"curies":[{"name":"wp","href":"https:\/\/api.w.org\/{rel}","templated":true}]}}