{"id":1845,"date":"2021-05-06T10:08:06","date_gmt":"2021-05-06T07:08:06","guid":{"rendered":"http:\/\/www.kutupsogutma.net\/?post_type=product&#038;p=1845"},"modified":"2021-05-06T10:09:33","modified_gmt":"2021-05-06T07:09:33","slug":"supurge-hortum-fantom-yuksek-spg3012","status":"publish","type":"product","link":"http:\/\/www.kutupsogutma.net\/?product=supurge-hortum-fantom-yuksek-spg3012","title":{"rendered":"S\u00dcP\u00dcRGE HORTUM FANTOM Y\u00dcKSEK SPG3012"},"content":{"rendered":"<p>S\u00dcP\u00dcRGE HORTUM FANTOM Y\u00dcKSEK SPG3012<\/p>\n","protected":false},"excerpt":{"rendered":"<p>S\u00dcP\u00dcRGE HORTUM FANTOM Y\u00dcKSEK SPG3012<\/p>\n","protected":false},"featured_media":1846,"comment_status":"open","ping_status":"closed","template":"","meta":[],"product_cat":[135,25],"product_tag":[1966,1965,1964],"_links":{"self":[{"href":"http:\/\/www.kutupsogutma.net\/index.php?rest_route=\/wp\/v2\/product\/1845"}],"collection":[{"href":"http:\/\/www.kutupsogutma.net\/index.php?rest_route=\/wp\/v2\/product"}],"about":[{"href":"http:\/\/www.kutupsogutma.net\/index.php?rest_route=\/wp\/v2\/types\/product"}],"replies":[{"embeddable":true,"href":"http:\/\/www.kutupsogutma.net\/index.php?rest_route=%2Fwp%2Fv2%2Fcomments&post=1845"}],"wp:featuredmedia":[{"embeddable":true,"href":"http:\/\/www.kutupsogutma.net\/index.php?rest_route=\/wp\/v2\/media\/1846"}],"wp:attachment":[{"href":"http:\/\/www.kutupsogutma.net\/index.php?rest_route=%2Fwp%2Fv2%2Fmedia&parent=1845"}],"wp:term":[{"taxonomy":"product_cat","embeddable":true,"href":"http:\/\/www.kutupsogutma.net\/index.php?rest_route=%2Fwp%2Fv2%2Fproduct_cat&post=1845"},{"taxonomy":"product_tag","embeddable":true,"href":"http:\/\/www.kutupsogutma.net\/index.php?rest_route=%2Fwp%2Fv2%2Fproduct_tag&post=1845"}],"curies":[{"name":"wp","href":"https:\/\/api.w.org\/{rel}","templated":true}]}}