{"id":1831,"date":"2021-05-06T09:52:09","date_gmt":"2021-05-06T06:52:09","guid":{"rendered":"http:\/\/www.kutupsogutma.net\/?post_type=product&#038;p=1831"},"modified":"2021-05-06T09:54:09","modified_gmt":"2021-05-06T06:54:09","slug":"supurge-hortum-arcelik-6300-6350-6355-6380-lenix-spg3005","status":"publish","type":"product","link":"http:\/\/www.kutupsogutma.net\/?product=supurge-hortum-arcelik-6300-6350-6355-6380-lenix-spg3005","title":{"rendered":"S\u00dcP\u00dcRGE HORTUM AR\u00c7EL\u0130K 6300-6350-6355-6380 LEN\u0130X SPG3005"},"content":{"rendered":"<p>S\u00dcP\u00dcRGE HORTUM AR\u00c7EL\u0130K 6300-6350-6355-6380 LEN\u0130X SPG3005<\/p>\n","protected":false},"excerpt":{"rendered":"<p>S\u00dcP\u00dcRGE HORTUM AR\u00c7EL\u0130K 6300-6350-6355-6380 LEN\u0130X SPG3005<\/p>\n","protected":false},"featured_media":1832,"comment_status":"open","ping_status":"closed","template":"","meta":[],"product_cat":[135,25],"product_tag":[1947,1946,1945],"_links":{"self":[{"href":"http:\/\/www.kutupsogutma.net\/index.php?rest_route=\/wp\/v2\/product\/1831"}],"collection":[{"href":"http:\/\/www.kutupsogutma.net\/index.php?rest_route=\/wp\/v2\/product"}],"about":[{"href":"http:\/\/www.kutupsogutma.net\/index.php?rest_route=\/wp\/v2\/types\/product"}],"replies":[{"embeddable":true,"href":"http:\/\/www.kutupsogutma.net\/index.php?rest_route=%2Fwp%2Fv2%2Fcomments&post=1831"}],"wp:featuredmedia":[{"embeddable":true,"href":"http:\/\/www.kutupsogutma.net\/index.php?rest_route=\/wp\/v2\/media\/1832"}],"wp:attachment":[{"href":"http:\/\/www.kutupsogutma.net\/index.php?rest_route=%2Fwp%2Fv2%2Fmedia&parent=1831"}],"wp:term":[{"taxonomy":"product_cat","embeddable":true,"href":"http:\/\/www.kutupsogutma.net\/index.php?rest_route=%2Fwp%2Fv2%2Fproduct_cat&post=1831"},{"taxonomy":"product_tag","embeddable":true,"href":"http:\/\/www.kutupsogutma.net\/index.php?rest_route=%2Fwp%2Fv2%2Fproduct_tag&post=1831"}],"curies":[{"name":"wp","href":"https:\/\/api.w.org\/{rel}","templated":true}]}}