{"id":1829,"date":"2021-05-06T09:50:39","date_gmt":"2021-05-06T06:50:39","guid":{"rendered":"http:\/\/www.kutupsogutma.net\/?post_type=product&#038;p=1829"},"modified":"2021-05-06T09:52:03","modified_gmt":"2021-05-06T06:52:03","slug":"supurge-hortum-arcelik-orbital-spg3004","status":"publish","type":"product","link":"http:\/\/www.kutupsogutma.net\/?product=supurge-hortum-arcelik-orbital-spg3004","title":{"rendered":"S\u00dcP\u00dcRGE HORTUM AR\u00c7EL\u0130K ORB\u0130TAL SPG3004"},"content":{"rendered":"<p>S\u00dcP\u00dcRGE HORTUM AR\u00c7EL\u0130K ORB\u0130TAL SPG3004<\/p>\n","protected":false},"excerpt":{"rendered":"<p>S\u00dcP\u00dcRGE HORTUM AR\u00c7EL\u0130K ORB\u0130TAL SPG3004<\/p>\n","protected":false},"featured_media":1830,"comment_status":"open","ping_status":"closed","template":"","meta":[],"product_cat":[135,25],"product_tag":[1944,1943],"_links":{"self":[{"href":"http:\/\/www.kutupsogutma.net\/index.php?rest_route=\/wp\/v2\/product\/1829"}],"collection":[{"href":"http:\/\/www.kutupsogutma.net\/index.php?rest_route=\/wp\/v2\/product"}],"about":[{"href":"http:\/\/www.kutupsogutma.net\/index.php?rest_route=\/wp\/v2\/types\/product"}],"replies":[{"embeddable":true,"href":"http:\/\/www.kutupsogutma.net\/index.php?rest_route=%2Fwp%2Fv2%2Fcomments&post=1829"}],"wp:featuredmedia":[{"embeddable":true,"href":"http:\/\/www.kutupsogutma.net\/index.php?rest_route=\/wp\/v2\/media\/1830"}],"wp:attachment":[{"href":"http:\/\/www.kutupsogutma.net\/index.php?rest_route=%2Fwp%2Fv2%2Fmedia&parent=1829"}],"wp:term":[{"taxonomy":"product_cat","embeddable":true,"href":"http:\/\/www.kutupsogutma.net\/index.php?rest_route=%2Fwp%2Fv2%2Fproduct_cat&post=1829"},{"taxonomy":"product_tag","embeddable":true,"href":"http:\/\/www.kutupsogutma.net\/index.php?rest_route=%2Fwp%2Fv2%2Fproduct_tag&post=1829"}],"curies":[{"name":"wp","href":"https:\/\/api.w.org\/{rel}","templated":true}]}}