{"id":1827,"date":"2021-05-06T09:49:17","date_gmt":"2021-05-06T06:49:17","guid":{"rendered":"http:\/\/www.kutupsogutma.net\/?post_type=product&#038;p=1827"},"modified":"2021-05-06T09:50:32","modified_gmt":"2021-05-06T06:50:32","slug":"supurge-hortum-arcelik-jaguar-spg3003","status":"publish","type":"product","link":"http:\/\/www.kutupsogutma.net\/?product=supurge-hortum-arcelik-jaguar-spg3003","title":{"rendered":"S\u00dcP\u00dcRGE HORTUM AR\u00c7EL\u0130K JAGUAR SPG3003"},"content":{"rendered":"<p>S\u00dcP\u00dcRGE HORTUM AR\u00c7EL\u0130K JAGUAR SPG3003<\/p>\n","protected":false},"excerpt":{"rendered":"<p>S\u00dcP\u00dcRGE HORTUM AR\u00c7EL\u0130K JAGUAR SPG3003<\/p>\n","protected":false},"featured_media":1828,"comment_status":"open","ping_status":"closed","template":"","meta":[],"product_cat":[135,25],"product_tag":[1942,1941],"_links":{"self":[{"href":"http:\/\/www.kutupsogutma.net\/index.php?rest_route=\/wp\/v2\/product\/1827"}],"collection":[{"href":"http:\/\/www.kutupsogutma.net\/index.php?rest_route=\/wp\/v2\/product"}],"about":[{"href":"http:\/\/www.kutupsogutma.net\/index.php?rest_route=\/wp\/v2\/types\/product"}],"replies":[{"embeddable":true,"href":"http:\/\/www.kutupsogutma.net\/index.php?rest_route=%2Fwp%2Fv2%2Fcomments&post=1827"}],"wp:featuredmedia":[{"embeddable":true,"href":"http:\/\/www.kutupsogutma.net\/index.php?rest_route=\/wp\/v2\/media\/1828"}],"wp:attachment":[{"href":"http:\/\/www.kutupsogutma.net\/index.php?rest_route=%2Fwp%2Fv2%2Fmedia&parent=1827"}],"wp:term":[{"taxonomy":"product_cat","embeddable":true,"href":"http:\/\/www.kutupsogutma.net\/index.php?rest_route=%2Fwp%2Fv2%2Fproduct_cat&post=1827"},{"taxonomy":"product_tag","embeddable":true,"href":"http:\/\/www.kutupsogutma.net\/index.php?rest_route=%2Fwp%2Fv2%2Fproduct_tag&post=1827"}],"curies":[{"name":"wp","href":"https:\/\/api.w.org\/{rel}","templated":true}]}}