{"id":1817,"date":"2021-05-06T09:41:46","date_gmt":"2021-05-06T06:41:46","guid":{"rendered":"http:\/\/www.kutupsogutma.net\/?post_type=product&#038;p=1817"},"modified":"2021-05-06T09:42:43","modified_gmt":"2021-05-06T06:42:43","slug":"supurge-salter-eski-tip-spg2008","status":"publish","type":"product","link":"http:\/\/www.kutupsogutma.net\/?product=supurge-salter-eski-tip-spg2008","title":{"rendered":"S\u00dcP\u00dcRGE \u015eALTER ESK\u0130 T\u0130P SPG2008"},"content":{"rendered":"<p>S\u00dcP\u00dcRGE \u015eALTER ESK\u0130 T\u0130P SPG2008<\/p>\n","protected":false},"excerpt":{"rendered":"<p>S\u00dcP\u00dcRGE \u015eALTER ESK\u0130 T\u0130P SPG2008<\/p>\n","protected":false},"featured_media":1818,"comment_status":"open","ping_status":"closed","template":"","meta":[],"product_cat":[134,25],"product_tag":[1922,1930],"_links":{"self":[{"href":"http:\/\/www.kutupsogutma.net\/index.php?rest_route=\/wp\/v2\/product\/1817"}],"collection":[{"href":"http:\/\/www.kutupsogutma.net\/index.php?rest_route=\/wp\/v2\/product"}],"about":[{"href":"http:\/\/www.kutupsogutma.net\/index.php?rest_route=\/wp\/v2\/types\/product"}],"replies":[{"embeddable":true,"href":"http:\/\/www.kutupsogutma.net\/index.php?rest_route=%2Fwp%2Fv2%2Fcomments&post=1817"}],"wp:featuredmedia":[{"embeddable":true,"href":"http:\/\/www.kutupsogutma.net\/index.php?rest_route=\/wp\/v2\/media\/1818"}],"wp:attachment":[{"href":"http:\/\/www.kutupsogutma.net\/index.php?rest_route=%2Fwp%2Fv2%2Fmedia&parent=1817"}],"wp:term":[{"taxonomy":"product_cat","embeddable":true,"href":"http:\/\/www.kutupsogutma.net\/index.php?rest_route=%2Fwp%2Fv2%2Fproduct_cat&post=1817"},{"taxonomy":"product_tag","embeddable":true,"href":"http:\/\/www.kutupsogutma.net\/index.php?rest_route=%2Fwp%2Fv2%2Fproduct_tag&post=1817"}],"curies":[{"name":"wp","href":"https:\/\/api.w.org\/{rel}","templated":true}]}}