{"id":1813,"date":"2021-05-06T09:39:11","date_gmt":"2021-05-06T06:39:11","guid":{"rendered":"http:\/\/www.kutupsogutma.net\/?post_type=product&#038;p=1813"},"modified":"2021-05-06T09:40:15","modified_gmt":"2021-05-06T06:40:15","slug":"supurge-salter-isiksiz-tekli-beyaz-spg2006","status":"publish","type":"product","link":"http:\/\/www.kutupsogutma.net\/?product=supurge-salter-isiksiz-tekli-beyaz-spg2006","title":{"rendered":"S\u00dcP\u00dcRGE \u015eALTER I\u015eIKSIZ TEKL\u0130 BEYAZ SPG2006"},"content":{"rendered":"<p>S\u00dcP\u00dcRGE \u015eALTER I\u015eIKSIZ TEKL\u0130 BEYAZ SPG2006<\/p>\n","protected":false},"excerpt":{"rendered":"<p>S\u00dcP\u00dcRGE \u015eALTER I\u015eIKSIZ TEKL\u0130 BEYAZ SPG2006<\/p>\n","protected":false},"featured_media":1814,"comment_status":"open","ping_status":"closed","template":"","meta":[],"product_cat":[134,25],"product_tag":[1922,1926,1927],"_links":{"self":[{"href":"http:\/\/www.kutupsogutma.net\/index.php?rest_route=\/wp\/v2\/product\/1813"}],"collection":[{"href":"http:\/\/www.kutupsogutma.net\/index.php?rest_route=\/wp\/v2\/product"}],"about":[{"href":"http:\/\/www.kutupsogutma.net\/index.php?rest_route=\/wp\/v2\/types\/product"}],"replies":[{"embeddable":true,"href":"http:\/\/www.kutupsogutma.net\/index.php?rest_route=%2Fwp%2Fv2%2Fcomments&post=1813"}],"wp:featuredmedia":[{"embeddable":true,"href":"http:\/\/www.kutupsogutma.net\/index.php?rest_route=\/wp\/v2\/media\/1814"}],"wp:attachment":[{"href":"http:\/\/www.kutupsogutma.net\/index.php?rest_route=%2Fwp%2Fv2%2Fmedia&parent=1813"}],"wp:term":[{"taxonomy":"product_cat","embeddable":true,"href":"http:\/\/www.kutupsogutma.net\/index.php?rest_route=%2Fwp%2Fv2%2Fproduct_cat&post=1813"},{"taxonomy":"product_tag","embeddable":true,"href":"http:\/\/www.kutupsogutma.net\/index.php?rest_route=%2Fwp%2Fv2%2Fproduct_tag&post=1813"}],"curies":[{"name":"wp","href":"https:\/\/api.w.org\/{rel}","templated":true}]}}