{"id":1811,"date":"2021-05-06T09:37:53","date_gmt":"2021-05-06T06:37:53","guid":{"rendered":"http:\/\/www.kutupsogutma.net\/?post_type=product&#038;p=1811"},"modified":"2021-05-06T09:39:03","modified_gmt":"2021-05-06T06:39:03","slug":"supurge-salter-isikli-ikili-kirmizi-spg2005","status":"publish","type":"product","link":"http:\/\/www.kutupsogutma.net\/?product=supurge-salter-isikli-ikili-kirmizi-spg2005","title":{"rendered":"S\u00dcP\u00dcRGE \u015eALTER I\u015eIKLI \u0130K\u0130L\u0130 KIRMIZI SPG2005"},"content":{"rendered":"<p>S\u00dcP\u00dcRGE \u015eALTER I\u015eIKLI \u0130K\u0130L\u0130 KIRMIZI SPG2005<\/p>\n","protected":false},"excerpt":{"rendered":"<p>S\u00dcP\u00dcRGE \u015eALTER I\u015eIKLI \u0130K\u0130L\u0130 KIRMIZI SPG2005<\/p>\n","protected":false},"featured_media":1812,"comment_status":"open","ping_status":"closed","template":"","meta":[],"product_cat":[134,25],"product_tag":[1925,1922,1924],"_links":{"self":[{"href":"http:\/\/www.kutupsogutma.net\/index.php?rest_route=\/wp\/v2\/product\/1811"}],"collection":[{"href":"http:\/\/www.kutupsogutma.net\/index.php?rest_route=\/wp\/v2\/product"}],"about":[{"href":"http:\/\/www.kutupsogutma.net\/index.php?rest_route=\/wp\/v2\/types\/product"}],"replies":[{"embeddable":true,"href":"http:\/\/www.kutupsogutma.net\/index.php?rest_route=%2Fwp%2Fv2%2Fcomments&post=1811"}],"wp:featuredmedia":[{"embeddable":true,"href":"http:\/\/www.kutupsogutma.net\/index.php?rest_route=\/wp\/v2\/media\/1812"}],"wp:attachment":[{"href":"http:\/\/www.kutupsogutma.net\/index.php?rest_route=%2Fwp%2Fv2%2Fmedia&parent=1811"}],"wp:term":[{"taxonomy":"product_cat","embeddable":true,"href":"http:\/\/www.kutupsogutma.net\/index.php?rest_route=%2Fwp%2Fv2%2Fproduct_cat&post=1811"},{"taxonomy":"product_tag","embeddable":true,"href":"http:\/\/www.kutupsogutma.net\/index.php?rest_route=%2Fwp%2Fv2%2Fproduct_tag&post=1811"}],"curies":[{"name":"wp","href":"https:\/\/api.w.org\/{rel}","templated":true}]}}