{"id":1809,"date":"2021-05-06T09:36:35","date_gmt":"2021-05-06T06:36:35","guid":{"rendered":"http:\/\/www.kutupsogutma.net\/?post_type=product&#038;p=1809"},"modified":"2021-05-06T09:37:47","modified_gmt":"2021-05-06T06:37:47","slug":"supurge-salter-isikli-tekli-kirmizi-spg2004","status":"publish","type":"product","link":"http:\/\/www.kutupsogutma.net\/?product=supurge-salter-isikli-tekli-kirmizi-spg2004","title":{"rendered":"S\u00dcP\u00dcRGE \u015eALTER I\u015eIKLI TEKL\u0130 KIRMIZI SPG2004"},"content":{"rendered":"<p>S\u00dcP\u00dcRGE \u015eALTER I\u015eIKLI TEKL\u0130 KIRMIZI SPG2004<\/p>\n","protected":false},"excerpt":{"rendered":"<p>S\u00dcP\u00dcRGE \u015eALTER I\u015eIKLI TEKL\u0130 KIRMIZI SPG2004<\/p>\n","protected":false},"featured_media":1810,"comment_status":"open","ping_status":"closed","template":"","meta":[],"product_cat":[134,25],"product_tag":[1922,1923],"_links":{"self":[{"href":"http:\/\/www.kutupsogutma.net\/index.php?rest_route=\/wp\/v2\/product\/1809"}],"collection":[{"href":"http:\/\/www.kutupsogutma.net\/index.php?rest_route=\/wp\/v2\/product"}],"about":[{"href":"http:\/\/www.kutupsogutma.net\/index.php?rest_route=\/wp\/v2\/types\/product"}],"replies":[{"embeddable":true,"href":"http:\/\/www.kutupsogutma.net\/index.php?rest_route=%2Fwp%2Fv2%2Fcomments&post=1809"}],"wp:featuredmedia":[{"embeddable":true,"href":"http:\/\/www.kutupsogutma.net\/index.php?rest_route=\/wp\/v2\/media\/1810"}],"wp:attachment":[{"href":"http:\/\/www.kutupsogutma.net\/index.php?rest_route=%2Fwp%2Fv2%2Fmedia&parent=1809"}],"wp:term":[{"taxonomy":"product_cat","embeddable":true,"href":"http:\/\/www.kutupsogutma.net\/index.php?rest_route=%2Fwp%2Fv2%2Fproduct_cat&post=1809"},{"taxonomy":"product_tag","embeddable":true,"href":"http:\/\/www.kutupsogutma.net\/index.php?rest_route=%2Fwp%2Fv2%2Fproduct_tag&post=1809"}],"curies":[{"name":"wp","href":"https:\/\/api.w.org\/{rel}","templated":true}]}}