{"id":1807,"date":"2021-05-06T09:33:29","date_gmt":"2021-05-06T06:33:29","guid":{"rendered":"http:\/\/www.kutupsogutma.net\/?post_type=product&#038;p=1807"},"modified":"2021-05-06T09:34:29","modified_gmt":"2021-05-06T06:34:29","slug":"supurge-salter-bosch-siemens-spg2003","status":"publish","type":"product","link":"http:\/\/www.kutupsogutma.net\/?product=supurge-salter-bosch-siemens-spg2003","title":{"rendered":"S\u00dcP\u00dcRGE \u015eALTER BOSCH-S\u0130EMENS SPG2003"},"content":{"rendered":"<p>S\u00dcP\u00dcRGE \u015eALTER BOSCH-S\u0130EMENS SPG2003<\/p>\n","protected":false},"excerpt":{"rendered":"<p>S\u00dcP\u00dcRGE \u015eALTER BOSCH-S\u0130EMENS SPG2003<\/p>\n","protected":false},"featured_media":1808,"comment_status":"open","ping_status":"closed","template":"","meta":[],"product_cat":[134,25],"product_tag":[1919,1917,1921,1918,1920],"_links":{"self":[{"href":"http:\/\/www.kutupsogutma.net\/index.php?rest_route=\/wp\/v2\/product\/1807"}],"collection":[{"href":"http:\/\/www.kutupsogutma.net\/index.php?rest_route=\/wp\/v2\/product"}],"about":[{"href":"http:\/\/www.kutupsogutma.net\/index.php?rest_route=\/wp\/v2\/types\/product"}],"replies":[{"embeddable":true,"href":"http:\/\/www.kutupsogutma.net\/index.php?rest_route=%2Fwp%2Fv2%2Fcomments&post=1807"}],"wp:featuredmedia":[{"embeddable":true,"href":"http:\/\/www.kutupsogutma.net\/index.php?rest_route=\/wp\/v2\/media\/1808"}],"wp:attachment":[{"href":"http:\/\/www.kutupsogutma.net\/index.php?rest_route=%2Fwp%2Fv2%2Fmedia&parent=1807"}],"wp:term":[{"taxonomy":"product_cat","embeddable":true,"href":"http:\/\/www.kutupsogutma.net\/index.php?rest_route=%2Fwp%2Fv2%2Fproduct_cat&post=1807"},{"taxonomy":"product_tag","embeddable":true,"href":"http:\/\/www.kutupsogutma.net\/index.php?rest_route=%2Fwp%2Fv2%2Fproduct_tag&post=1807"}],"curies":[{"name":"wp","href":"https:\/\/api.w.org\/{rel}","templated":true}]}}