{"id":1805,"date":"2021-05-06T09:31:38","date_gmt":"2021-05-06T06:31:38","guid":{"rendered":"http:\/\/www.kutupsogutma.net\/?post_type=product&#038;p=1805"},"modified":"2021-05-06T09:36:20","modified_gmt":"2021-05-06T06:36:20","slug":"supurge-salter-arcelik-eski-tip-spg2002","status":"publish","type":"product","link":"http:\/\/www.kutupsogutma.net\/?product=supurge-salter-arcelik-eski-tip-spg2002","title":{"rendered":"S\u00dcP\u00dcRGE \u015eALTER AR\u00c7EL\u0130K ESK\u0130 T\u0130P SPG2002"},"content":{"rendered":"<p>S\u00dcP\u00dcRGE \u015eALTER AR\u00c7EL\u0130K ESK\u0130 T\u0130P SPG2002<\/p>\n","protected":false},"excerpt":{"rendered":"<p>S\u00dcP\u00dcRGE \u015eALTER AR\u00c7EL\u0130K ESK\u0130 T\u0130P SPG2002<\/p>\n","protected":false},"featured_media":1806,"comment_status":"open","ping_status":"closed","template":"","meta":[],"product_cat":[134,25],"product_tag":[1919,1917,1918],"_links":{"self":[{"href":"http:\/\/www.kutupsogutma.net\/index.php?rest_route=\/wp\/v2\/product\/1805"}],"collection":[{"href":"http:\/\/www.kutupsogutma.net\/index.php?rest_route=\/wp\/v2\/product"}],"about":[{"href":"http:\/\/www.kutupsogutma.net\/index.php?rest_route=\/wp\/v2\/types\/product"}],"replies":[{"embeddable":true,"href":"http:\/\/www.kutupsogutma.net\/index.php?rest_route=%2Fwp%2Fv2%2Fcomments&post=1805"}],"wp:featuredmedia":[{"embeddable":true,"href":"http:\/\/www.kutupsogutma.net\/index.php?rest_route=\/wp\/v2\/media\/1806"}],"wp:attachment":[{"href":"http:\/\/www.kutupsogutma.net\/index.php?rest_route=%2Fwp%2Fv2%2Fmedia&parent=1805"}],"wp:term":[{"taxonomy":"product_cat","embeddable":true,"href":"http:\/\/www.kutupsogutma.net\/index.php?rest_route=%2Fwp%2Fv2%2Fproduct_cat&post=1805"},{"taxonomy":"product_tag","embeddable":true,"href":"http:\/\/www.kutupsogutma.net\/index.php?rest_route=%2Fwp%2Fv2%2Fproduct_tag&post=1805"}],"curies":[{"name":"wp","href":"https:\/\/api.w.org\/{rel}","templated":true}]}}