{"id":1801,"date":"2021-05-06T09:29:17","date_gmt":"2021-05-06T06:29:17","guid":{"rendered":"http:\/\/www.kutupsogutma.net\/?post_type=product&#038;p=1801"},"modified":"2021-05-06T09:34:59","modified_gmt":"2021-05-06T06:34:59","slug":"supurge-salter-rowenta-ince-seffaf-spg2000","status":"publish","type":"product","link":"http:\/\/www.kutupsogutma.net\/?product=supurge-salter-rowenta-ince-seffaf-spg2000","title":{"rendered":"S\u00dcP\u00dcRGE \u015eALTER ROWENTA \u0130NCE \u015eEFFAF SPG2000"},"content":{"rendered":"<p>S\u00dcP\u00dcRGE \u015eALTER ROWENTA \u0130NCE \u015eEFFAF SPG2000<\/p>\n","protected":false},"excerpt":{"rendered":"<p>S\u00dcP\u00dcRGE \u015eALTER ROWENTA \u0130NCE \u015eEFFAF SPG2000<\/p>\n","protected":false},"featured_media":1802,"comment_status":"open","ping_status":"closed","template":"","meta":[],"product_cat":[134,25],"product_tag":[1914,1913],"_links":{"self":[{"href":"http:\/\/www.kutupsogutma.net\/index.php?rest_route=\/wp\/v2\/product\/1801"}],"collection":[{"href":"http:\/\/www.kutupsogutma.net\/index.php?rest_route=\/wp\/v2\/product"}],"about":[{"href":"http:\/\/www.kutupsogutma.net\/index.php?rest_route=\/wp\/v2\/types\/product"}],"replies":[{"embeddable":true,"href":"http:\/\/www.kutupsogutma.net\/index.php?rest_route=%2Fwp%2Fv2%2Fcomments&post=1801"}],"wp:featuredmedia":[{"embeddable":true,"href":"http:\/\/www.kutupsogutma.net\/index.php?rest_route=\/wp\/v2\/media\/1802"}],"wp:attachment":[{"href":"http:\/\/www.kutupsogutma.net\/index.php?rest_route=%2Fwp%2Fv2%2Fmedia&parent=1801"}],"wp:term":[{"taxonomy":"product_cat","embeddable":true,"href":"http:\/\/www.kutupsogutma.net\/index.php?rest_route=%2Fwp%2Fv2%2Fproduct_cat&post=1801"},{"taxonomy":"product_tag","embeddable":true,"href":"http:\/\/www.kutupsogutma.net\/index.php?rest_route=%2Fwp%2Fv2%2Fproduct_tag&post=1801"}],"curies":[{"name":"wp","href":"https:\/\/api.w.org\/{rel}","templated":true}]}}