{"id":1797,"date":"2021-05-06T08:56:48","date_gmt":"2021-05-06T05:56:48","guid":{"rendered":"http:\/\/www.kutupsogutma.net\/?post_type=product&#038;p=1797"},"modified":"2021-05-06T08:57:47","modified_gmt":"2021-05-06T05:57:47","slug":"supurge-moturu-nilfisk-mod67-spg0021","status":"publish","type":"product","link":"http:\/\/www.kutupsogutma.net\/?product=supurge-moturu-nilfisk-mod67-spg0021","title":{"rendered":"S\u00dcP\u00dcRGE MOTURU N\u0130LF\u0130SK MOD:67 SPG0021"},"content":{"rendered":"<p>S\u00dcP\u00dcRGE MOTURU N\u0130LF\u0130SK MOD:67 SPG0021<\/p>\n","protected":false},"excerpt":{"rendered":"<p>S\u00dcP\u00dcRGE MOTURU N\u0130LF\u0130SK MOD:67 SPG0021<\/p>\n","protected":false},"featured_media":1798,"comment_status":"open","ping_status":"closed","template":"","meta":[],"product_cat":[132,25],"product_tag":[1878,1911,1909,1880,1877,1910,1908,1906,1907],"_links":{"self":[{"href":"http:\/\/www.kutupsogutma.net\/index.php?rest_route=\/wp\/v2\/product\/1797"}],"collection":[{"href":"http:\/\/www.kutupsogutma.net\/index.php?rest_route=\/wp\/v2\/product"}],"about":[{"href":"http:\/\/www.kutupsogutma.net\/index.php?rest_route=\/wp\/v2\/types\/product"}],"replies":[{"embeddable":true,"href":"http:\/\/www.kutupsogutma.net\/index.php?rest_route=%2Fwp%2Fv2%2Fcomments&post=1797"}],"wp:featuredmedia":[{"embeddable":true,"href":"http:\/\/www.kutupsogutma.net\/index.php?rest_route=\/wp\/v2\/media\/1798"}],"wp:attachment":[{"href":"http:\/\/www.kutupsogutma.net\/index.php?rest_route=%2Fwp%2Fv2%2Fmedia&parent=1797"}],"wp:term":[{"taxonomy":"product_cat","embeddable":true,"href":"http:\/\/www.kutupsogutma.net\/index.php?rest_route=%2Fwp%2Fv2%2Fproduct_cat&post=1797"},{"taxonomy":"product_tag","embeddable":true,"href":"http:\/\/www.kutupsogutma.net\/index.php?rest_route=%2Fwp%2Fv2%2Fproduct_tag&post=1797"}],"curies":[{"name":"wp","href":"https:\/\/api.w.org\/{rel}","templated":true}]}}