{"id":1791,"date":"2021-05-06T08:51:47","date_gmt":"2021-05-06T05:51:47","guid":{"rendered":"http:\/\/www.kutupsogutma.net\/?post_type=product&#038;p=1791"},"modified":"2021-05-06T08:53:56","modified_gmt":"2021-05-06T05:53:56","slug":"supurge-moturu-bosch-fakir-fantom-mod59-spg0018","status":"publish","type":"product","link":"http:\/\/www.kutupsogutma.net\/?product=supurge-moturu-bosch-fakir-fantom-mod59-spg0018","title":{"rendered":"S\u00dcP\u00dcRGE MOTURU BOSCH-FAK\u0130R-FANTOM MOD:59 SPG0018"},"content":{"rendered":"<p>S\u00dcP\u00dcRGE MOTURU BOSCH-FAK\u0130R-FANTOM MOD:59 SPG0018<\/p>\n","protected":false},"excerpt":{"rendered":"<p>S\u00dcP\u00dcRGE MOTURU BOSCH-FAK\u0130R-FANTOM MOD:59 SPG0018<\/p>\n","protected":false},"featured_media":1792,"comment_status":"open","ping_status":"closed","template":"","meta":[],"product_cat":[132,25],"product_tag":[1879,1903,1878,1887,1904,1905,1880,1877,1902],"_links":{"self":[{"href":"http:\/\/www.kutupsogutma.net\/index.php?rest_route=\/wp\/v2\/product\/1791"}],"collection":[{"href":"http:\/\/www.kutupsogutma.net\/index.php?rest_route=\/wp\/v2\/product"}],"about":[{"href":"http:\/\/www.kutupsogutma.net\/index.php?rest_route=\/wp\/v2\/types\/product"}],"replies":[{"embeddable":true,"href":"http:\/\/www.kutupsogutma.net\/index.php?rest_route=%2Fwp%2Fv2%2Fcomments&post=1791"}],"wp:featuredmedia":[{"embeddable":true,"href":"http:\/\/www.kutupsogutma.net\/index.php?rest_route=\/wp\/v2\/media\/1792"}],"wp:attachment":[{"href":"http:\/\/www.kutupsogutma.net\/index.php?rest_route=%2Fwp%2Fv2%2Fmedia&parent=1791"}],"wp:term":[{"taxonomy":"product_cat","embeddable":true,"href":"http:\/\/www.kutupsogutma.net\/index.php?rest_route=%2Fwp%2Fv2%2Fproduct_cat&post=1791"},{"taxonomy":"product_tag","embeddable":true,"href":"http:\/\/www.kutupsogutma.net\/index.php?rest_route=%2Fwp%2Fv2%2Fproduct_tag&post=1791"}],"curies":[{"name":"wp","href":"https:\/\/api.w.org\/{rel}","templated":true}]}}