{"id":1787,"date":"2021-05-06T08:48:55","date_gmt":"2021-05-06T05:48:55","guid":{"rendered":"http:\/\/www.kutupsogutma.net\/?post_type=product&#038;p=1787"},"modified":"2021-05-06T08:49:51","modified_gmt":"2021-05-06T05:49:51","slug":"supurge-moturu-ihlas-mod58-spg0016","status":"publish","type":"product","link":"http:\/\/www.kutupsogutma.net\/?product=supurge-moturu-ihlas-mod58-spg0016","title":{"rendered":"S\u00dcP\u00dcRGE MOTURU \u0130HLAS MOD:58 SPG0016"},"content":{"rendered":"<p>S\u00dcP\u00dcRGE MOTURU \u0130HLAS MOD:58 SPG0016<\/p>\n","protected":false},"excerpt":{"rendered":"<p>S\u00dcP\u00dcRGE MOTURU \u0130HLAS MOD:58 SPG0016<\/p>\n","protected":false},"featured_media":1788,"comment_status":"open","ping_status":"closed","template":"","meta":[],"product_cat":[132,25],"product_tag":[1878,1900,1877,1899],"_links":{"self":[{"href":"http:\/\/www.kutupsogutma.net\/index.php?rest_route=\/wp\/v2\/product\/1787"}],"collection":[{"href":"http:\/\/www.kutupsogutma.net\/index.php?rest_route=\/wp\/v2\/product"}],"about":[{"href":"http:\/\/www.kutupsogutma.net\/index.php?rest_route=\/wp\/v2\/types\/product"}],"replies":[{"embeddable":true,"href":"http:\/\/www.kutupsogutma.net\/index.php?rest_route=%2Fwp%2Fv2%2Fcomments&post=1787"}],"wp:featuredmedia":[{"embeddable":true,"href":"http:\/\/www.kutupsogutma.net\/index.php?rest_route=\/wp\/v2\/media\/1788"}],"wp:attachment":[{"href":"http:\/\/www.kutupsogutma.net\/index.php?rest_route=%2Fwp%2Fv2%2Fmedia&parent=1787"}],"wp:term":[{"taxonomy":"product_cat","embeddable":true,"href":"http:\/\/www.kutupsogutma.net\/index.php?rest_route=%2Fwp%2Fv2%2Fproduct_cat&post=1787"},{"taxonomy":"product_tag","embeddable":true,"href":"http:\/\/www.kutupsogutma.net\/index.php?rest_route=%2Fwp%2Fv2%2Fproduct_tag&post=1787"}],"curies":[{"name":"wp","href":"https:\/\/api.w.org\/{rel}","templated":true}]}}