{"id":1778,"date":"2021-05-06T08:39:00","date_gmt":"2021-05-06T05:39:00","guid":{"rendered":"http:\/\/www.kutupsogutma.net\/?post_type=product&#038;p=1778"},"modified":"2021-05-06T08:40:22","modified_gmt":"2021-05-06T05:40:22","slug":"supurge-moturu-arcelik-9320-mod48-spg0012","status":"publish","type":"product","link":"http:\/\/www.kutupsogutma.net\/?product=supurge-moturu-arcelik-9320-mod48-spg0012","title":{"rendered":"S\u00dcP\u00dcRGE MOTURU AR\u00c7EL\u0130K 9320 MOD:48 SPG0012"},"content":{"rendered":"<p>S\u00dcP\u00dcRGE MOTURU AR\u00c7EL\u0130K 9320 MOD:48 SPG0012<\/p>\n","protected":false},"excerpt":{"rendered":"<p>S\u00dcP\u00dcRGE MOTURU AR\u00c7EL\u0130K 9320 MOD:48 SPG0012<\/p>\n","protected":false},"featured_media":1779,"comment_status":"open","ping_status":"closed","template":"","meta":[],"product_cat":[132,25],"product_tag":[1895,1883,1884,1878,1877,1882,1894],"_links":{"self":[{"href":"http:\/\/www.kutupsogutma.net\/index.php?rest_route=\/wp\/v2\/product\/1778"}],"collection":[{"href":"http:\/\/www.kutupsogutma.net\/index.php?rest_route=\/wp\/v2\/product"}],"about":[{"href":"http:\/\/www.kutupsogutma.net\/index.php?rest_route=\/wp\/v2\/types\/product"}],"replies":[{"embeddable":true,"href":"http:\/\/www.kutupsogutma.net\/index.php?rest_route=%2Fwp%2Fv2%2Fcomments&post=1778"}],"wp:featuredmedia":[{"embeddable":true,"href":"http:\/\/www.kutupsogutma.net\/index.php?rest_route=\/wp\/v2\/media\/1779"}],"wp:attachment":[{"href":"http:\/\/www.kutupsogutma.net\/index.php?rest_route=%2Fwp%2Fv2%2Fmedia&parent=1778"}],"wp:term":[{"taxonomy":"product_cat","embeddable":true,"href":"http:\/\/www.kutupsogutma.net\/index.php?rest_route=%2Fwp%2Fv2%2Fproduct_cat&post=1778"},{"taxonomy":"product_tag","embeddable":true,"href":"http:\/\/www.kutupsogutma.net\/index.php?rest_route=%2Fwp%2Fv2%2Fproduct_tag&post=1778"}],"curies":[{"name":"wp","href":"https:\/\/api.w.org\/{rel}","templated":true}]}}