{"id":1774,"date":"2021-05-06T08:36:06","date_gmt":"2021-05-06T05:36:06","guid":{"rendered":"http:\/\/www.kutupsogutma.net\/?post_type=product&#038;p=1774"},"modified":"2021-05-06T08:37:20","modified_gmt":"2021-05-06T05:37:20","slug":"supurge-moturu-arnica-bora-mod45-spg0010","status":"publish","type":"product","link":"http:\/\/www.kutupsogutma.net\/?product=supurge-moturu-arnica-bora-mod45-spg0010","title":{"rendered":"S\u00dcP\u00dcRGE MOTURU ARN\u0130CA BORA MOD:45 SPG0010"},"content":{"rendered":"<p>S\u00dcP\u00dcRGE MOTURU ARN\u0130CA BORA MOD:45 SPG0010<\/p>\n","protected":false},"excerpt":{"rendered":"<p>S\u00dcP\u00dcRGE MOTURU ARN\u0130CA BORA MOD:45 SPG0010<\/p>\n","protected":false},"featured_media":1775,"comment_status":"open","ping_status":"closed","template":"","meta":[],"product_cat":[132,25],"product_tag":[1883,1891,1884,1878,1892,1877,1882,1890],"_links":{"self":[{"href":"http:\/\/www.kutupsogutma.net\/index.php?rest_route=\/wp\/v2\/product\/1774"}],"collection":[{"href":"http:\/\/www.kutupsogutma.net\/index.php?rest_route=\/wp\/v2\/product"}],"about":[{"href":"http:\/\/www.kutupsogutma.net\/index.php?rest_route=\/wp\/v2\/types\/product"}],"replies":[{"embeddable":true,"href":"http:\/\/www.kutupsogutma.net\/index.php?rest_route=%2Fwp%2Fv2%2Fcomments&post=1774"}],"wp:featuredmedia":[{"embeddable":true,"href":"http:\/\/www.kutupsogutma.net\/index.php?rest_route=\/wp\/v2\/media\/1775"}],"wp:attachment":[{"href":"http:\/\/www.kutupsogutma.net\/index.php?rest_route=%2Fwp%2Fv2%2Fmedia&parent=1774"}],"wp:term":[{"taxonomy":"product_cat","embeddable":true,"href":"http:\/\/www.kutupsogutma.net\/index.php?rest_route=%2Fwp%2Fv2%2Fproduct_cat&post=1774"},{"taxonomy":"product_tag","embeddable":true,"href":"http:\/\/www.kutupsogutma.net\/index.php?rest_route=%2Fwp%2Fv2%2Fproduct_tag&post=1774"}],"curies":[{"name":"wp","href":"https:\/\/api.w.org\/{rel}","templated":true}]}}